{"id":57,"date":"2024-02-12T17:36:20","date_gmt":"2024-02-12T17:36:20","guid":{"rendered":"https:\/\/mariaseltmann.com\/?page_id=57"},"modified":"2025-07-31T15:25:53","modified_gmt":"2025-07-31T15:25:53","slug":"faqs","status":"publish","type":"page","link":"https:\/\/mariaseltmann.com\/en\/faqs\/","title":{"rendered":"FAQs"},"content":{"rendered":"<figure class=\"wp-block-image aligncenter size-full is-resized has-custom-border is-style-rounded is-style-rounded--1\"><img loading=\"lazy\" decoding=\"async\" width=\"540\" height=\"540\" src=\"https:\/\/mariaseltmann.com\/wp-content\/uploads\/2024\/02\/IMG_2023.jpg\" alt=\"\" class=\"wp-image-12\" style=\"border-width:5px;border-radius:24px;width:178px;height:auto\" srcset=\"https:\/\/mariaseltmann.com\/wp-content\/uploads\/2024\/02\/IMG_2023.jpg 540w, https:\/\/mariaseltmann.com\/wp-content\/uploads\/2024\/02\/IMG_2023-300x300.jpg 300w, https:\/\/mariaseltmann.com\/wp-content\/uploads\/2024\/02\/IMG_2023-150x150.jpg 150w\" sizes=\"auto, (max-width: 540px) 100vw, 540px\" \/><\/figure>\n\n\n\n<div style=\"height:63px\" aria-hidden=\"true\" class=\"wp-block-spacer\"><\/div>\n\n\n\n<h2 class=\"wp-block-heading\">Was sind gehirnfreundliche Strategien?<\/h2>\n\n\n\n<p>Gehirnfreundliche Strategien helfen uns dabei, die kognitiven Prozesse des Gehirns und seine Ressourcen optimal zu nutzen und die beste Umgebung zum Lernen und zur Zielerreichung als Basis bereitzustellen.<br>We can actively shape our future when we learn which tools we can use to understand our brain better and transform ourselves into smart brain users.<br>As a result, we can experience positive changes, increase our productivity, improve our well-being and our health, and achieve big goals through small steps.<br>In the best case, we learn how we can unleash creativity, we experience a flow state, and develop towards our best self.<\/p>\n\n\n\n<h2 class=\"wp-block-heading\">Warum ist ein gehirnfreundlicher Lebensstil wichtig?<\/h2>\n\n\n\n<p>Unser Gehirn &#8211; das Organ, das die Erinnerungen und Emotionen beherbergt, die uns ausmachen und uns miteinander verbinden &#8211; ist der Schl\u00fcssel zur geistigen und k\u00f6rperlichen Gesundheit. Es orchestriert unsere K\u00f6rperfunktionen, es ist die Denk- und Gef\u00fchlszentrale unseres K\u00f6rpers und durch das Gehirn treffen wir Entscheidungen. Entscheidungen wiederum bestimmen die Qualit\u00e4t unserer Lebenserfahrungen, unsere Routinen und damit auch unsere Lebensweise, die unsere geistige und k\u00f6rperliche Gesundheit beeinflusst. Im Gehirn wird unter anderem oft unbewusst entschieden, was wir essen und wann, ob und wie lange wir uns bewegen, wie wir auf Stress reagieren und welche Informationen zu einem gesunden Lebensstil wir \u00fcberhaupt erst suchen und aufnehmen. Um gut zu funktionieren braucht das Gehirn viel biochemische Energie, die durch eine gute N\u00e4hrstoffversorgung gew\u00e4hrleistet werden muss. Ist dies nicht der Fall, so k\u00f6nnen diverse neurologische und in deren Konsequenz auch k\u00f6rperlichen Probleme die Folge sein. <br>Das moderne Leben ist oft alles andere als gehirnfreundlich und es stellt uns und unser Gehirn vor gro\u00dfe Herausforderungen: Wir sind \u00fcberm\u00e4\u00dfigen kognitiven Anforderungen durch st\u00e4ndige Erreichbarkeit und Informations\u00fcberflutung ausgesetzt, ein Leben in dem chronischer Stress, Schlafmangel und gesundheitliche Probleme f\u00fcr viele Menschen an der Tagesordnung sind. Und wir zahlen mit mentaler Ersch\u00f6pfung, Konzentrationsverlust und eingeschr\u00e4nkter Entscheidungsf\u00e4higkeit. <br>Ein gehirngerechter Lifestyle mit gehirnfreundlichen Strategien und Prinzipien hilft uns dabei, neuen Herausforderungen begegnen zu k\u00f6nnen, unser Gehirn f\u00fcr unsere Ziele bestm\u00f6glich einzusetzen, es zu pflegen und gut f\u00fcr uns zu sorgen. Damit werden wir zu smarten Gehirnbesitzern und -benutzern.<\/p>\n\n\n\n<h2 class=\"wp-block-heading\">What is a smart brain user?<\/h2>\n\n\n\n<p>Ein smarter Gehirnbenutzer muss nicht unbedingt wissen, wie das Gehirn in seinen Einzelteilen aufgebaut ist, er muss kein Experte in Neurologie oder Neuroanatomie sein. W\u00e4hlen wir den Vergleich mit einem Auto, denn diese Analogie beschreibt sehr gut die smarte Nutzung unseres Gehirns: Wir sollten seine Funktionen kennen, die &#8222;Kn\u00f6pfe&#8220; und &#8222;Schalthebel&#8220;, die wir bedienen k\u00f6nnen und welche Auswirkungen die jeweilige Bedienung hat. Wir sollten wissen, welche &#8222;Kontrolllampen&#8220; uns zur Verf\u00fcgung stehen, welche Hinweise uns unser Gehirn gibt und wie wir darauf zu reagieren haben. Ein smarter Gehirnbenutzer ist also jemand, der wei\u00df, wie er sein Gehirn bestm\u00f6glich bedient und pflegt.<\/p>\n\n\n\n<h2 class=\"wp-block-heading\">Why do we essentially turn stupid under stress?<\/h2>\n\n\n\n<p>Our brain has a built-in protective mechanism that kicks in as soon as our system is under too much stress:<br>The prefrontal cortex essentially switches off and lets our fight-flight-freeze system take control.<\/p>\n\n\n\n<p>The sympathetic nervous system puts the body on alert by increasing blood pressure, increasing metabolism and using carbohydrates to fuel the brain and muscles as quickly as possible.<br>Adrenaline and norepinephrine are released.<\/p>\n\n\n\n<p>Starting from the amygdala, a messenger substance is first released by the hypothalamus, which causes the pituitary gland to release another neurotransmitter, which reaches the adrenal gland via the bloodstream.<br>In addition, the adrenal gland also releases the stress hormone cortisol.<\/p>\n\n\n\n<p>Da das frontoparietale Netzwerk entscheidend f\u00fcr unsere F\u00e4higkeit ist, unser Verhalten zielorientiert zu koordinieren, steht bei der \u201eAbschaltung\u201c des Netzwerkes bzw. der Priorisierung des Alarmsystems genau diese F\u00e4higkeit nicht zur Verf\u00fcgung. Wir k\u00f6nnen also keine auf sorgf\u00e4ltiger \u00dcberlegung basierenden Entscheidungen treffen, unsere Logik ist sozusagen auf Eis gelegt solange der \u00dcberlebensmodus greift.<\/p>\n\n\n\n<p>Dieser Mechanismus ist sehr n\u00fctzlich und lebenswichtig, wenn wir einer echten Bedrohung gegen\u00fcberstehen, die wir bek\u00e4mpfen m\u00fcssen, vor der wir fl\u00fcchten, oder uns zumindest tot stellen k\u00f6nnen. Bei Stressoren jedoch, die unser heutiger Alltag so oft f\u00fcr uns bereit h\u00e4lt \u2013 Meetingmarathons, st\u00e4ndige Erreichbarkeit, Konflikte und Arbeit ohne gehirngerechte Pausen \u2013 wird dieser Mechanismus st\u00e4ndig aktiviert und wir werden entscheidungsunf\u00e4hig und reagieren nur noch anstatt in eine \u00fcberlegte Reaktion zu gehen. Wir werden quasi dumm unter Dauerstress.<\/p>\n\n\n\n<h2 class=\"wp-block-heading\">What can we do against inefficient brain use during stress or in everyday life?<\/h2>\n\n\n\n<p>Die hier vorgestellten Strategien helfen uns dabei, sowohl Dauerstress zu vermeiden und unseren schnelllebigen Alltag gehirngerecht zu gestalten, als auch in anspruchsvollen Situationen besonnen zu reagieren. Die Techniken basieren auf wissenschaftlich belegten Erkenntnissen, die uns helfen, nachaltige Ver\u00e4nderung anzusto\u00dfen und gesunde Routinen zu entwickeln. Denn folgende Dinge k\u00f6nnen unser Verhalten langfristig \u00e4ndern: Eine Offenbarung oder ein einschneidendes Erlebnis, eine Ver\u00e4nderung unseres Umfelds &#8211; inklusive der Personen mit denen wir uns umgeben &#8211; und kleine Schritte, die zu Gewohnheiten und Routinen werden. Mit diesem Wissen um gehirngerechte Lebensgestaltung k\u00f6nnen wir bewusst arbeiten und so unsere Produktivit\u00e4t steigern, unser Wohlbefinden und unsere Gesundheit verbessern und unsere gro\u00dfen Ziele durch gehirnfreundliche Schritte erreichen.<\/p>\n\n\n\n<h2 class=\"wp-block-heading\">Wie geht \u201egehirnfreundlich to go\u201c, wenn wir wenig Zeit haben oder auf Reisen sind?<\/h2>\n\n\n\n<p>Die Techniken sind so konzipiert, dass sie auch an stressigen Tagen und fast \u00fcberall flexibel eingesetzt werden k\u00f6nnen.<\/p>\n\n\n\n<p>The following travel report from my train ride to Berlin is a nice example:&nbsp;<a href=\"https:\/\/mariaseltmann.com\/en\/https:\/\/mariaseltmann.com\/hirndialoge\/brainbodyhacks-to-go\/\" target=\"_blank\" rel=\"noreferrer noopener\">Gehirnfreundlich To Go<\/a><\/p>\n\n\n\n<div style=\"height:100px\" aria-hidden=\"true\" class=\"wp-block-spacer\"><\/div>","protected":false},"excerpt":{"rendered":"<p>Was sind gehirnfreundliche Strategien? Gehirnfreundliche Strategien helfen uns dabei, die kognitiven Prozesse des Gehirns und seine Ressourcen optimal zu nutzen und die beste Umgebung zum Lernen und zur Zielerreichung als Basis bereitzustellen.Wir k\u00f6nnen aktiv f\u00fcr Ver\u00e4nderung sorgen, wenn wir zum Gehirnversteher und damit smarten Gehirnbenutzer werden und wissen, welche Mittel wir daf\u00fcr nutzen k\u00f6nnen.Infolgedessen k\u00f6nnen [&hellip;]<\/p>\n","protected":false},"author":2,"featured_media":0,"parent":0,"menu_order":0,"comment_status":"closed","ping_status":"closed","template":"","meta":{"footnotes":""},"class_list":["post-57","page","type-page","status-publish","hentry"],"_links":{"self":[{"href":"https:\/\/mariaseltmann.com\/en\/wp-json\/wp\/v2\/pages\/57","targetHints":{"allow":["GET"]}}],"collection":[{"href":"https:\/\/mariaseltmann.com\/en\/wp-json\/wp\/v2\/pages"}],"about":[{"href":"https:\/\/mariaseltmann.com\/en\/wp-json\/wp\/v2\/types\/page"}],"author":[{"embeddable":true,"href":"https:\/\/mariaseltmann.com\/en\/wp-json\/wp\/v2\/users\/2"}],"replies":[{"embeddable":true,"href":"https:\/\/mariaseltmann.com\/en\/wp-json\/wp\/v2\/comments?post=57"}],"version-history":[{"count":35,"href":"https:\/\/mariaseltmann.com\/en\/wp-json\/wp\/v2\/pages\/57\/revisions"}],"predecessor-version":[{"id":3154,"href":"https:\/\/mariaseltmann.com\/en\/wp-json\/wp\/v2\/pages\/57\/revisions\/3154"}],"wp:attachment":[{"href":"https:\/\/mariaseltmann.com\/en\/wp-json\/wp\/v2\/media?parent=57"}],"curies":[{"name":"wp","href":"https:\/\/api.w.org\/{rel}","templated":true}]}}