{"id":2756,"date":"2025-03-31T17:59:36","date_gmt":"2025-03-31T17:59:36","guid":{"rendered":"https:\/\/mariaseltmann.com\/?page_id=2756"},"modified":"2025-06-03T11:16:48","modified_gmt":"2025-06-03T11:16:48","slug":"brain-balance","status":"publish","type":"page","link":"https:\/\/mariaseltmann.com\/en\/brain-balance\/","title":{"rendered":"Brain Regeneration"},"content":{"rendered":"<figure class=\"wp-block-image aligncenter size-large is-resized has-custom-border is-style-rounded is-style-rounded--1\"><img decoding=\"async\" src=\"https:\/\/mariaseltmann.com\/wp-content\/uploads\/2025\/03\/brainbalance-917x1024.png\" alt=\"\" class=\"wp-image-2724\" style=\"border-width:2px;aspect-ratio:1;object-fit:cover;width:294px;height:auto\"\/><figcaption class=\"wp-element-caption\">BRAIN REGENERATION<br><a href=\"https:\/\/mariaseltmann.com\/en\/brain-basics\/\">B.R.A.I.N. Basics<\/a><\/figcaption><\/figure>\n\n\n\n<h3 class=\"wp-block-heading has-text-align-center\"><strong><strong>BRAIN<\/strong> REGENERATION &#8211; <strong>Regeneration<\/strong><\/strong>, <strong>Stressmanagement, Entspannung und Schlaf<\/strong><\/h3>\n\n\n\n<p class=\"has-text-align-center\">Inspiration f\u00fcr wirksame Regeneration und Stressmanagement, um die mentale Gesundheit zu steigern.<\/p>\n\n\n\n<blockquote class=\"wp-block-quote is-layout-flow wp-block-quote-is-layout-flow\">\n<p class=\"has-text-align-center\">Chronischer Stress f\u00fchrt zu einer erh\u00f6hten Aussch\u00fcttung von Cortisol, was die Funktion des Hippocampus beeintr\u00e4chtigen kann.<\/p>\n<\/blockquote>\n\n\n\n<div style=\"height:67px\" aria-hidden=\"true\" class=\"wp-block-spacer\"><\/div>\n\n\n\n<hr class=\"wp-block-separator has-alpha-channel-opacity\"\/>\n\n\n\n<h3 class=\"wp-block-heading has-text-align-center\">Inhalt<\/h3>\n\n\n\n<ul class=\"wp-block-list\">\n<li>Warum ist Regeneration essentiell f\u00fcr das Gehirn und was passiert bei zu viel Stress?<\/li>\n\n\n\n<li>Wie wirken sich Stress, zu wenig Schlaf und Pausen auf Neurotransmitter und Neurogenese aus?<\/li>\n\n\n\n<li>Was sind die ersten Schritte zu mehr Regeneration, Stressreduktion und Schlaf?<\/li>\n\n\n\n<li>Vertiefungsthemen: \n<ul class=\"wp-block-list\">\n<li>Nervensystem und Stressmanagement<br>Das Gehirn unter chronischem Stress<\/li>\n\n\n\n<li>Das Gehirn im Schlaf<\/li>\n<\/ul>\n<\/li>\n<\/ul>\n\n\n\n<hr class=\"wp-block-separator has-alpha-channel-opacity\"\/>\n\n\n\n<div style=\"height:61px\" aria-hidden=\"true\" class=\"wp-block-spacer\"><\/div>\n\n\n\n<h2 class=\"wp-block-heading has-text-align-left\">Warum ist Regeneration essentiell f\u00fcr das Gehirn und was passiert bei zu viel Stress?<\/h2>\n\n\n\n<p>Regeneration ist f\u00fcr das Gehirn essenziell, da sie hilft, neuronale Verbindungen zu st\u00e4rken, Ged\u00e4chtnisprozesse zu festigen und die allgemeine kognitive Leistungsf\u00e4higkeit zu erhalten. W\u00e4hrend der Erholung, insbesondere im Schlaf, werden Abfallstoffe aus dem Gehirn entfernt und neue Verbindungen zwischen Nervenzellen gebildet, was f\u00fcr Lernen und Ged\u00e4chtnis entscheidend ist.<\/p>\n\n\n\n<p class=\"has-text-align-left\">Bei zu viel Stress kann das Gehirn in einen \u00dcberforderungsmodus geraten, der langfristig sch\u00e4dlich ist. Chronischer Stress f\u00fchrt zu einer erh\u00f6hten Aussch\u00fcttung von Cortisol, was die Funktion des Hippocampus \u2013 eine zentrale Struktur f\u00fcr Ged\u00e4chtnis und Emotionen \u2013 beeintr\u00e4chtigen kann. Dies kann Ged\u00e4chtnisprobleme und eine erh\u00f6hte Anf\u00e4lligkeit f\u00fcr psychische Erkrankungen wie Angstst\u00f6rungen oder Depressionen verursachen.<\/p>\n\n\n\n<p class=\"has-text-align-left\">Zugrunde liegt die automatische, blitzschnelle Reaktion unseres K\u00f6rpers auf wahrgenommene Bedrohungen oder Stress:<\/p>\n\n\n\n<figure class=\"wp-block-embed aligncenter is-type-wp-embed is-provider-neurolaunch-com wp-block-embed-neurolaunch-com\"><div class=\"wp-block-embed__wrapper\">\n<blockquote class=\"wp-embedded-content\" data-secret=\"zA6Dfv9RHG\"><a href=\"https:\/\/neurolaunch.com\/fight-flight-freeze-brain\/\">Fight, Flight, Freeze: Brain Mechanisms Behind Our Stress Responses<\/a><\/blockquote><iframe loading=\"lazy\" class=\"wp-embedded-content\" sandbox=\"allow-scripts\" security=\"restricted\" style=\"position: absolute; visibility: hidden;\" title=\"&#8220;Fight, Flight, Freeze: Brain Mechanisms Behind Our Stress Responses&#8221; &#8212; NeuroLaunch.com\" src=\"https:\/\/neurolaunch.com\/fight-flight-freeze-brain\/embed\/#?secret=X4OUK8neIS#?secret=zA6Dfv9RHG\" data-secret=\"zA6Dfv9RHG\" width=\"500\" height=\"282\" frameborder=\"0\" marginwidth=\"0\" marginheight=\"0\" scrolling=\"no\"><\/iframe>\n<\/div><\/figure>\n\n\n\n<div style=\"height:61px\" aria-hidden=\"true\" class=\"wp-block-spacer\"><\/div>\n\n\n\n<hr class=\"wp-block-separator has-alpha-channel-opacity\"\/>\n\n\n\n<h2 class=\"wp-block-heading has-text-align-left\">Wie wirken sich Stress, zu wenig Schlaf und Pausen auf Neurotransmitter und Neurogenese aus?<\/h2>\n\n\n\n<p class=\"has-text-align-left\">Stress, Schlafmangel und fehlende Pausen haben also  erhebliche Auswirkungen auf Neurotransmitter und die Neurogenese im Gehirn:<\/p>\n\n\n\n<p class=\"has-text-align-left\">Chronischer Stress f\u00fchrt zu einer erh\u00f6hten Aussch\u00fcttung von Cortisol, was die Funktion des Hippocampus beeintr\u00e4chtigen kann. Dies kann nachweislich die Neurogenese hemmen und die Bildung neuer Nervenzellen reduzieren. Zudem beeinflusst Stress die Dopamin- und Serotoninproduktion, was zu Stimmungsschwankungen und erh\u00f6hter Angst f\u00fchren kann.<\/p>\n\n\n\n<p class=\"has-text-align-left\">Auch Schlafmangel kann sich \u00e4u\u00dferst negativ auswirken, denn Schlaf ist essenziell f\u00fcr die Regulierung von Neurotransmittern wie Serotonin, Dopamin und GABA. Schlafmangel kann zu einem Ungleichgewicht dieser Botenstoffe f\u00fchren, was sich negativ auf Stimmung, Ged\u00e4chtnis und kognitive Funktionen auswirkt. Zudem wird auch hier die Neurogenese im Hippocampus reduziert.<\/p>\n\n\n\n<h3 class=\"wp-block-heading has-text-align-left\">Reduktion des Tiefschlafs korreliert mit h\u00f6herem Demenzrisiko<\/h3>\n\n\n\n<blockquote class=\"wp-block-quote is-layout-flow wp-block-quote-is-layout-flow\">\n<p>A mere 1% reduction in deep sleep yearly for those above 60 translates to a 27% higher dementia risk.<\/p>\n\n\n\n<figure class=\"wp-block-embed is-type-wp-embed is-provider-neuroscience-news wp-block-embed-neuroscience-news\"><div class=\"wp-block-embed__wrapper\">\n<blockquote class=\"wp-embedded-content\" data-secret=\"nXBBWEJvhi\"><a href=\"https:\/\/neurosciencenews.com\/dementia-sleep-aging-25123\/\">Less Deep Sleep in Seniors May Be A Silent Alarm for Dementia Risk<\/a><\/blockquote><iframe loading=\"lazy\" class=\"wp-embedded-content\" sandbox=\"allow-scripts\" security=\"restricted\" style=\"position: absolute; visibility: hidden;\" title=\"&#8220;Less Deep Sleep in Seniors May Be A Silent Alarm for Dementia Risk&#8221; &#8212; Neuroscience News\" src=\"https:\/\/neurosciencenews.com\/dementia-sleep-aging-25123\/embed\/#?secret=0TWhPberco#?secret=nXBBWEJvhi\" data-secret=\"nXBBWEJvhi\" width=\"500\" height=\"282\" frameborder=\"0\" marginwidth=\"0\" marginheight=\"0\" scrolling=\"no\"><\/iframe>\n<\/div><\/figure>\n<\/blockquote>\n\n\n\n<p class=\"has-text-align-left\">Regelm\u00e4\u00dfige Erholungsphasen und guter Schlaf sind also wichtig f\u00fcr die Wiederherstellung der Neurotransmitterbalance. Ohne Pausen bleibt das Gehirn in einem dauerhaften Aktivierungszustand, was die Produktion von Stresshormonen erh\u00f6ht und die Neurogenese weiter hemmt. Pausen mit Entspannungstechniken und Bewegung k\u00f6nnen helfen, die Neurotransmitterproduktion zu stabilisieren und die neuronale Regeneration zu f\u00f6rdern.<\/p>\n\n\n\n<div style=\"height:61px\" aria-hidden=\"true\" class=\"wp-block-spacer\"><\/div>\n\n\n\n<hr class=\"wp-block-separator has-alpha-channel-opacity\"\/>\n\n\n\n<h2 class=\"wp-block-heading has-text-align-left\">Was sind die ersten Schritte zu mehr Regeneration, Stressreduktion und Schlaf?<\/h2>\n\n\n\n<p class=\"has-text-align-left\">F\u00fcr eine bessere Regeneration, weniger Stress und erholsameren Schlaf, gibt es einige einfache allgemeine Schritte, die sich als \u00e4u\u00dferst wirksam erweisen, wenn sie regelm\u00e4\u00dfig integriert werden:<\/p>\n\n\n\n<ul class=\"wp-block-list\">\n<li><strong>Schlafhygiene verbessern<\/strong> \u2013 Ein regelm\u00e4\u00dfiger Schlafrhythmus, ein ruhiges, dunkles Schlafzimmer und das Vermeiden von Bildschirmen vor dem Schlafengehen k\u00f6nnen den Schlaf erheblich verbessern.<\/li>\n\n\n\n<li><strong>Stressmanagement<\/strong> \u2013 Atem\u00fcbungen, Meditation oder progressive Muskelentspannung k\u00f6nnen helfen, das Nervensystem zu beruhigen und es in einen entspannteren Zustand zu versetzen.<\/li>\n\n\n\n<li><strong>Bewegung in den Alltag integrieren<\/strong> \u2013 Sanfte Bewegung wie Spazierg\u00e4nge, Yoga oder Dehn\u00fcbungen unterst\u00fctzen den K\u00f6rper dabei, sich besser zu regenerieren.<\/li>\n\n\n\n<li><strong>Bewusste Ern\u00e4hrung<\/strong> \u2013 Bestimmte N\u00e4hrstoffe, wie Magnesium oder B-Vitamine, helfen dem K\u00f6rper, sich zu entspannen und f\u00f6rdern die Regeneration.<\/li>\n\n\n\n<li><strong>Erholsame Routinen etablieren<\/strong> \u2013 Entspannende Abendrituale wie Tagebuchschreiben, Lesen oder sanfte Musik helfen, Stress abzubauen und den K\u00f6rper und das Gehirn auf erholsamen Schlaf vorzubereiten.<\/li>\n\n\n\n<li><strong>Entlastung<\/strong> \u2013 Es kann hilfreich sein, Gedanken und Gef\u00fchle durch Schreiben, Gespr\u00e4che oder kreative T\u00e4tigkeiten auszudr\u00fccken, um sich mental zu entlasten und Stress loszulassen.<\/li>\n<\/ul>\n\n\n\n<h3 class=\"wp-block-heading has-text-align-left\">Ideen aus dem&nbsp;<a href=\"https:\/\/mariaseltmann.com\/en\/blog\/\">Brain-Log<\/a><\/h3>\n\n\n\n<figure class=\"wp-block-embed is-type-wp-embed is-provider-maria-seltmann wp-block-embed-maria-seltmann\"><div class=\"wp-block-embed__wrapper\">\n<blockquote class=\"wp-embedded-content\" data-secret=\"huSDNkEl1a\"><a href=\"https:\/\/mariaseltmann.com\/en\/brainlog\/entspannung-und-tifer-schlaf-bodyhack-magnesium-calm\/\">&#8222;Magnesium Calm&#8220;<\/a><\/blockquote><iframe loading=\"lazy\" class=\"wp-embedded-content\" sandbox=\"allow-scripts\" security=\"restricted\" style=\"position: absolute; visibility: hidden;\" title=\"&#8222;&#8222;Magnesium Calm&#8220;&#8220; &#8212; Maria Seltmann\" src=\"https:\/\/mariaseltmann.com\/brainlog\/entspannung-und-tifer-schlaf-bodyhack-magnesium-calm\/embed\/#?secret=7iwN3DLWiS#?secret=huSDNkEl1a\" data-secret=\"huSDNkEl1a\" width=\"500\" height=\"282\" frameborder=\"0\" marginwidth=\"0\" marginheight=\"0\" scrolling=\"no\"><\/iframe>\n<\/div><\/figure>\n\n\n\n<figure class=\"wp-block-embed is-type-wp-embed is-provider-maria-seltmann wp-block-embed-maria-seltmann\"><div class=\"wp-block-embed__wrapper\">\n<blockquote class=\"wp-embedded-content\" data-secret=\"jMVjvFTU8a\"><a href=\"https:\/\/mariaseltmann.com\/en\/brainlog\/happy-brainwaves\/\">&#8222;Happy Brainwaves&#8220;<\/a><\/blockquote><iframe loading=\"lazy\" class=\"wp-embedded-content\" sandbox=\"allow-scripts\" security=\"restricted\" style=\"position: absolute; visibility: hidden;\" title=\"&#8222;&#8222;Happy Brainwaves&#8220;&#8220; &#8212; Maria Seltmann\" src=\"https:\/\/mariaseltmann.com\/brainlog\/happy-brainwaves\/embed\/#?secret=fT2UOl9Mf4#?secret=jMVjvFTU8a\" data-secret=\"jMVjvFTU8a\" width=\"500\" height=\"282\" frameborder=\"0\" marginwidth=\"0\" marginheight=\"0\" scrolling=\"no\"><\/iframe>\n<\/div><\/figure>\n\n\n\n<figure class=\"wp-block-embed is-type-wp-embed is-provider-maria-seltmann wp-block-embed-maria-seltmann\"><div class=\"wp-block-embed__wrapper\">\n<blockquote class=\"wp-embedded-content\" data-secret=\"T7S491qmFC\"><a href=\"https:\/\/mariaseltmann.com\/en\/brainlog\/problem-to-possibility\/\">&#8222;Problem to Possibility&#8220;<\/a><\/blockquote><iframe loading=\"lazy\" class=\"wp-embedded-content\" sandbox=\"allow-scripts\" security=\"restricted\" style=\"position: absolute; visibility: hidden;\" title=\"&#8222;&#8222;Problem to Possibility&#8220;&#8220; &#8212; Maria Seltmann\" src=\"https:\/\/mariaseltmann.com\/brainlog\/problem-to-possibility\/embed\/#?secret=HWgqIyP9Dz#?secret=T7S491qmFC\" data-secret=\"T7S491qmFC\" width=\"500\" height=\"282\" frameborder=\"0\" marginwidth=\"0\" marginheight=\"0\" scrolling=\"no\"><\/iframe>\n<\/div><\/figure>","protected":false},"excerpt":{"rendered":"<p>BRAIN REGENERATION &#8211; Regeneration, Stressmanagement, Entspannung und Schlaf Inspiration f\u00fcr wirksame Regeneration und Stressmanagement, um die mentale Gesundheit zu steigern. Chronischer Stress f\u00fchrt zu einer erh\u00f6hten Aussch\u00fcttung von Cortisol, was die Funktion des Hippocampus beeintr\u00e4chtigen kann. Inhalt Warum ist Regeneration essentiell f\u00fcr das Gehirn und was passiert bei zu viel Stress? Regeneration ist f\u00fcr das [&hellip;]<\/p>\n","protected":false},"author":2,"featured_media":0,"parent":0,"menu_order":0,"comment_status":"closed","ping_status":"closed","template":"","meta":{"footnotes":""},"class_list":["post-2756","page","type-page","status-publish","hentry"],"_links":{"self":[{"href":"https:\/\/mariaseltmann.com\/en\/wp-json\/wp\/v2\/pages\/2756","targetHints":{"allow":["GET"]}}],"collection":[{"href":"https:\/\/mariaseltmann.com\/en\/wp-json\/wp\/v2\/pages"}],"about":[{"href":"https:\/\/mariaseltmann.com\/en\/wp-json\/wp\/v2\/types\/page"}],"author":[{"embeddable":true,"href":"https:\/\/mariaseltmann.com\/en\/wp-json\/wp\/v2\/users\/2"}],"replies":[{"embeddable":true,"href":"https:\/\/mariaseltmann.com\/en\/wp-json\/wp\/v2\/comments?post=2756"}],"version-history":[{"count":31,"href":"https:\/\/mariaseltmann.com\/en\/wp-json\/wp\/v2\/pages\/2756\/revisions"}],"predecessor-version":[{"id":3109,"href":"https:\/\/mariaseltmann.com\/en\/wp-json\/wp\/v2\/pages\/2756\/revisions\/3109"}],"wp:attachment":[{"href":"https:\/\/mariaseltmann.com\/en\/wp-json\/wp\/v2\/media?parent=2756"}],"curies":[{"name":"wp","href":"https:\/\/api.w.org\/{rel}","templated":true}]}}