{"id":2682,"date":"2025-03-31T15:44:19","date_gmt":"2025-03-31T15:44:19","guid":{"rendered":"https:\/\/mariaseltmann.com\/?page_id=2682"},"modified":"2025-08-01T14:26:52","modified_gmt":"2025-08-01T14:26:52","slug":"brain-basics","status":"publish","type":"page","link":"https:\/\/mariaseltmann.com\/en\/brain-basics\/","title":{"rendered":"B.R.A.I.N. Basics"},"content":{"rendered":"<h4 class=\"wp-block-heading has-text-align-center\">Der Einstieg in ein gehirnfreundliches Leben<\/h4>\n\n\n\n<div class=\"wp-block-columns is-layout-flex wp-container-core-columns-is-layout-28f84493 wp-block-columns-is-layout-flex\">\n<div class=\"wp-block-column is-layout-flow wp-block-column-is-layout-flow\">\n<figure class=\"wp-block-image size-large is-resized has-custom-border is-style-rounded is-style-rounded--1\"><a href=\"https:\/\/mariaseltmann.com\/en\/brain-body\/\"><img loading=\"lazy\" decoding=\"async\" width=\"1024\" height=\"918\" src=\"https:\/\/mariaseltmann.com\/wp-content\/uploads\/2025\/03\/brainandbody-e1743444850816-1024x918.png\" alt=\"\" class=\"wp-image-2709\" style=\"border-width:2px;object-fit:cover;width:150px;height:150px\" srcset=\"https:\/\/mariaseltmann.com\/wp-content\/uploads\/2025\/03\/brainandbody-e1743444850816-1024x918.png 1024w, https:\/\/mariaseltmann.com\/wp-content\/uploads\/2025\/03\/brainandbody-e1743444850816-300x269.png 300w, https:\/\/mariaseltmann.com\/wp-content\/uploads\/2025\/03\/brainandbody-e1743444850816-768x689.png 768w, https:\/\/mariaseltmann.com\/wp-content\/uploads\/2025\/03\/brainandbody-e1743444850816-13x12.png 13w, https:\/\/mariaseltmann.com\/wp-content\/uploads\/2025\/03\/brainandbody-e1743444850816.png 1383w\" sizes=\"auto, (max-width: 1024px) 100vw, 1024px\" \/><\/a><\/figure>\n<\/div>\n\n\n\n<div class=\"wp-block-column is-layout-flow wp-block-column-is-layout-flow\">\n<figure class=\"wp-block-image size-large is-resized has-custom-border is-style-rounded is-style-rounded--2\"><a href=\"https:\/\/mariaseltmann.com\/en\/brain-balance\/\"><img loading=\"lazy\" decoding=\"async\" width=\"1024\" height=\"1024\" src=\"https:\/\/mariaseltmann.com\/wp-content\/uploads\/2025\/03\/brainbalance-e1743444734433-1024x1024.png\" alt=\"\" class=\"wp-image-2724\" style=\"border-width:2px;object-fit:cover;width:150px;height:150px\" srcset=\"https:\/\/mariaseltmann.com\/wp-content\/uploads\/2025\/03\/brainbalance-e1743444734433-1024x1024.png 1024w, https:\/\/mariaseltmann.com\/wp-content\/uploads\/2025\/03\/brainbalance-e1743444734433-300x300.png 300w, https:\/\/mariaseltmann.com\/wp-content\/uploads\/2025\/03\/brainbalance-e1743444734433-150x150.png 150w, https:\/\/mariaseltmann.com\/wp-content\/uploads\/2025\/03\/brainbalance-e1743444734433-768x768.png 768w, https:\/\/mariaseltmann.com\/wp-content\/uploads\/2025\/03\/brainbalance-e1743444734433-12x12.png 12w, https:\/\/mariaseltmann.com\/wp-content\/uploads\/2025\/03\/brainbalance-e1743444734433.png 1230w\" sizes=\"auto, (max-width: 1024px) 100vw, 1024px\" \/><\/a><\/figure>\n<\/div>\n\n\n\n<div class=\"wp-block-column is-layout-flow wp-block-column-is-layout-flow\">\n<figure class=\"wp-block-image size-large is-resized has-custom-border is-style-rounded is-style-rounded--3\"><a href=\"https:\/\/mariaseltmann.com\/en\/brain-autonomy\/\"><img loading=\"lazy\" decoding=\"async\" width=\"982\" height=\"1024\" src=\"https:\/\/mariaseltmann.com\/wp-content\/uploads\/2025\/06\/IMG_3060-982x1024.jpeg\" alt=\"\" class=\"wp-image-2980\" style=\"border-width:2px;object-fit:cover;width:150px;height:150px\" srcset=\"https:\/\/mariaseltmann.com\/wp-content\/uploads\/2025\/06\/IMG_3060-982x1024.jpeg 982w, https:\/\/mariaseltmann.com\/wp-content\/uploads\/2025\/06\/IMG_3060-288x300.jpeg 288w, https:\/\/mariaseltmann.com\/wp-content\/uploads\/2025\/06\/IMG_3060-768x800.jpeg 768w, https:\/\/mariaseltmann.com\/wp-content\/uploads\/2025\/06\/IMG_3060-12x12.jpeg 12w, https:\/\/mariaseltmann.com\/wp-content\/uploads\/2025\/06\/IMG_3060.jpeg 1231w\" sizes=\"auto, (max-width: 982px) 100vw, 982px\" \/><\/a><\/figure>\n<\/div>\n\n\n\n<div class=\"wp-block-column is-layout-flow wp-block-column-is-layout-flow\">\n<figure class=\"wp-block-image size-large is-resized has-custom-border is-style-rounded is-style-rounded--4\"><a href=\"https:\/\/mariaseltmann.com\/en\/brain-booster\/\"><img loading=\"lazy\" decoding=\"async\" width=\"1024\" height=\"970\" src=\"https:\/\/mariaseltmann.com\/wp-content\/uploads\/2025\/03\/brainbooster-1024x970.png\" alt=\"\" class=\"wp-image-2711\" style=\"border-width:2px;object-fit:cover;width:150px;height:150px\" srcset=\"https:\/\/mariaseltmann.com\/wp-content\/uploads\/2025\/03\/brainbooster-1024x970.png 1024w, https:\/\/mariaseltmann.com\/wp-content\/uploads\/2025\/03\/brainbooster-300x284.png 300w, https:\/\/mariaseltmann.com\/wp-content\/uploads\/2025\/03\/brainbooster-768x728.png 768w, https:\/\/mariaseltmann.com\/wp-content\/uploads\/2025\/03\/brainbooster-13x12.png 13w, https:\/\/mariaseltmann.com\/wp-content\/uploads\/2025\/03\/brainbooster.png 1411w\" sizes=\"auto, (max-width: 1024px) 100vw, 1024px\" \/><\/a><\/figure>\n<\/div>\n\n\n\n<div class=\"wp-block-column is-layout-flow wp-block-column-is-layout-flow\">\n<figure class=\"wp-block-image size-large is-resized has-custom-border is-style-rounded is-style-rounded--5\"><a href=\"https:\/\/mariaseltmann.com\/en\/brain-food\/\"><img loading=\"lazy\" decoding=\"async\" width=\"983\" height=\"1024\" src=\"https:\/\/mariaseltmann.com\/wp-content\/uploads\/2025\/03\/brainfood-983x1024.png\" alt=\"\" class=\"wp-image-2712\" style=\"border-width:2px;object-fit:cover;width:150px;height:150px\" srcset=\"https:\/\/mariaseltmann.com\/wp-content\/uploads\/2025\/03\/brainfood-983x1024.png 983w, https:\/\/mariaseltmann.com\/wp-content\/uploads\/2025\/03\/brainfood-288x300.png 288w, https:\/\/mariaseltmann.com\/wp-content\/uploads\/2025\/03\/brainfood-768x800.png 768w, https:\/\/mariaseltmann.com\/wp-content\/uploads\/2025\/03\/brainfood-12x12.png 12w, https:\/\/mariaseltmann.com\/wp-content\/uploads\/2025\/03\/brainfood.png 1405w\" sizes=\"auto, (max-width: 983px) 100vw, 983px\" \/><\/a><\/figure>\n<\/div>\n<\/div>\n\n\n\n<div class=\"wp-block-columns is-layout-flex wp-container-core-columns-is-layout-28f84493 wp-block-columns-is-layout-flex\">\n<div class=\"wp-block-column is-layout-flow wp-block-column-is-layout-flow\">\n<p class=\"has-text-align-center\"><a href=\"https:\/\/mariaseltmann.com\/en\/brain-body\/\" data-type=\"page\" data-id=\"2742\"><strong>B<\/strong>ODY Bewegung,  Aktivit\u00e4t &amp; Natur<\/a><\/p>\n<\/div>\n\n\n\n<div class=\"wp-block-column is-layout-flow wp-block-column-is-layout-flow\">\n<p class=\"has-text-align-center\"><a href=\"https:\/\/mariaseltmann.com\/en\/brain-balance\/\" data-type=\"page\" data-id=\"2756\"><strong>R<\/strong>EGENERATION Regeneration &amp; Erholung<\/a><\/p>\n<\/div>\n\n\n\n<div class=\"wp-block-column is-layout-flow wp-block-column-is-layout-flow\">\n<p class=\"has-text-align-center\"><a href=\"https:\/\/mariaseltmann.com\/en\/brain-autonomy\/\" data-type=\"page\" data-id=\"2929\"><strong>A<\/strong>UTONOMY Autonomie &amp; Selbstbestimmung<\/a><\/p>\n<\/div>\n\n\n\n<div class=\"wp-block-column is-layout-flow wp-block-column-is-layout-flow\">\n<p class=\"has-text-align-center\"><a href=\"https:\/\/mariaseltmann.com\/en\/brain-booster\/\" data-type=\"page\" data-id=\"2762\"><strong>I<\/strong>NNOVATION Innovation, Lernen &amp; Kreativit\u00e4t<\/a><\/p>\n<\/div>\n\n\n\n<div class=\"wp-block-column is-layout-flow wp-block-column-is-layout-flow\">\n<p class=\"has-text-align-center\"><a href=\"https:\/\/mariaseltmann.com\/en\/brain-food\/\" data-type=\"page\" data-id=\"2738\"><strong>N<\/strong>UTRITION N\u00e4hrstoffe &amp; Ern\u00e4hrung<\/a><\/p>\n<\/div>\n<\/div>\n\n\n\n<p class=\"has-text-align-center\"><strong>B.R.A.I.N<\/strong>&nbsp;steht f\u00fcr die Grundlagen, die ein gesundes Gehirn ben\u00f6tigt, um die Neurogenese und damit Wohlbefinden, Produktivit\u00e4t und ein gesundes Nervensystem zu f\u00f6rdern.<\/p>\n\n\n\n<div class=\"wp-block-columns is-layout-flex wp-container-core-columns-is-layout-28f84493 wp-block-columns-is-layout-flex\">\n<div class=\"wp-block-column has-contrast-color has-text-color has-link-color wp-elements-ea0e12948cd985ee570d3c9a95efe076 is-layout-flow wp-block-column-is-layout-flow\" style=\"border-width:1px;border-radius:18px;padding-top:var(--wp--preset--spacing--10);padding-right:var(--wp--preset--spacing--10);padding-bottom:var(--wp--preset--spacing--10);padding-left:var(--wp--preset--spacing--10);box-shadow:var(--wp--preset--shadow--crisp)\">\n<h4 class=\"wp-block-heading has-text-align-center\">Inhalt<\/h4>\n\n\n\n<ul class=\"wp-block-list is-style-checkmark-list\">\n<li><strong>B<\/strong>ewegung: Kleine Schritte zur k\u00f6rperlichen Aktivit\u00e4t f\u00fcr ein leistungsstarkes, gesundes Gehirn und reguliertes Nervensystem &gt;&gt;&nbsp;<strong><a href=\"https:\/\/mariaseltmann.com\/en\/brain-body\/\" target=\"_blank\" rel=\"noreferrer noopener\">BRAIN&nbsp;&amp; BODY<\/a><\/strong><\/li>\n\n\n\n<li><strong>R<\/strong>egeneration: Inspiration f\u00fcr wirksames Stressmanagement, Pausen Entspannung und Schlaf, um die mentale Gesundheit zu steigern &gt;&gt;&nbsp;<a href=\"https:\/\/mariaseltmann.com\/en\/brain-balance\/\" data-type=\"page\" data-id=\"2756\" target=\"_blank\" rel=\"noreferrer noopener\"><strong>BRAIN&nbsp;REGENERATION<\/strong><\/a><\/li>\n\n\n\n<li><strong>A<\/strong>utonomie und Selbstbestimmung: Tipps zur autonomen Lebensgestaltung, Entscheidungsfindung und Selbstbestimmung f\u00fcr eine gesundes, kognitiv leistungsf\u00e4higes Gehirn &gt;&gt;&nbsp;<a href=\"https:\/\/mariaseltmann.com\/en\/brain-autonomy\/\" data-type=\"page\" data-id=\"2738\" target=\"_blank\" rel=\"noreferrer noopener\"><strong>BRAIN AUTONOMY<\/strong><\/a><\/li>\n\n\n\n<li><strong>I<\/strong>nnovation, Lernen und Kreativit\u00e4t: Innovation und Neugier f\u00f6rdern Interesse und Ideen und erm\u00f6glichen dadurch Lernen, Kreativit\u00e4t und produktives Arbeiten &gt;&gt;&nbsp;<a href=\"https:\/\/mariaseltmann.com\/en\/brain-booster\/\" data-type=\"page\" data-id=\"2762\" target=\"_blank\" rel=\"noreferrer noopener\"><strong>BRAIN&nbsp;INNOVATION<\/strong><\/a><\/li>\n\n\n\n<li><strong>N<\/strong>\u00e4hrstoffe: Tipps zur gehirngerechten Ern\u00e4hrung um die Konzentration und die allgemeine Gehirngesundheit zu f\u00f6rdern &gt;&gt;&nbsp;<a href=\"https:\/\/mariaseltmann.com\/en\/brain-food\/\" data-type=\"page\" data-id=\"2738\" target=\"_blank\" rel=\"noreferrer noopener\"><strong>BRAIN NUTRITION<\/strong><\/a><\/li>\n<\/ul>\n<\/div>\n<\/div>\n\n\n\n<div class=\"wp-block-query alignwide is-layout-flow wp-block-query-is-layout-flow\">\n<hr class=\"wp-block-separator has-alpha-channel-opacity\"\/>\n\n\n\n<div class=\"wp-block-group has-global-padding is-layout-constrained wp-block-group-is-layout-constrained\">\n<div class=\"wp-block-columns is-layout-flex wp-container-core-columns-is-layout-28f84493 wp-block-columns-is-layout-flex\">\n<div class=\"wp-block-column is-layout-flow wp-block-column-is-layout-flow\" style=\"flex-basis:100%\">\n<div class=\"wp-block-group has-global-padding is-layout-constrained wp-block-group-is-layout-constrained\">\n<div class=\"wp-block-columns is-layout-flex wp-container-core-columns-is-layout-28f84493 wp-block-columns-is-layout-flex\">\n<div class=\"wp-block-column is-layout-flow wp-block-column-is-layout-flow\" style=\"flex-basis:100%\"><\/div>\n<\/div>\n<\/div>\n<\/div>\n<\/div>\n<\/div>\n<\/div>\n\n\n\n<p class=\"has-text-align-center\"><strong>The <strong>B.R.A.I.N.<\/strong><\/strong> <strong>Basics enthalten fundiertes Wissen, praktische Tipps und t\u00e4gliche kleine Aufgaben<\/strong>&nbsp;rund um einen gehirngesunden Lebensstil. Du bekommst Inspiration f\u00fcr<strong>&nbsp;gehirnfreundliche Ern\u00e4hrung<\/strong>,&nbsp;<strong>Bewegung<\/strong>,&nbsp;<strong>Stressmanagement, Schlaf und Regeneration<\/strong>, sowie Tipps und Tricks rund um die richtige&nbsp;<strong>Vorsorge f\u00fcr einen gesunden K\u00f6rper und ein gesundes Gehirn<\/strong>. Ein weiterer Schwerpunkt liegt auf&nbsp;<strong>gehirngerechtem und damit produktivem Lernen und Arbeiten<\/strong>.<\/p>","protected":false},"excerpt":{"rendered":"<p>Der Einstieg in ein gehirnfreundliches Leben BODY Bewegung, Aktivit\u00e4t &amp; Natur REGENERATION Regeneration &amp; Erholung AUTONOMY Autonomie &amp; Selbstbestimmung INNOVATION Innovation, Lernen &amp; Kreativit\u00e4t NUTRITION N\u00e4hrstoffe &amp; Ern\u00e4hrung B.R.A.I.N&nbsp;steht f\u00fcr die Grundlagen, die ein gesundes Gehirn ben\u00f6tigt, um die Neurogenese und damit Wohlbefinden, Produktivit\u00e4t und ein gesundes Nervensystem zu f\u00f6rdern. Inhalt Die B.R.A.I.N. Basics enthalten [&hellip;]<\/p>\n","protected":false},"author":2,"featured_media":0,"parent":0,"menu_order":0,"comment_status":"closed","ping_status":"closed","template":"","meta":{"footnotes":""},"class_list":["post-2682","page","type-page","status-publish","hentry"],"_links":{"self":[{"href":"https:\/\/mariaseltmann.com\/en\/wp-json\/wp\/v2\/pages\/2682","targetHints":{"allow":["GET"]}}],"collection":[{"href":"https:\/\/mariaseltmann.com\/en\/wp-json\/wp\/v2\/pages"}],"about":[{"href":"https:\/\/mariaseltmann.com\/en\/wp-json\/wp\/v2\/types\/page"}],"author":[{"embeddable":true,"href":"https:\/\/mariaseltmann.com\/en\/wp-json\/wp\/v2\/users\/2"}],"replies":[{"embeddable":true,"href":"https:\/\/mariaseltmann.com\/en\/wp-json\/wp\/v2\/comments?post=2682"}],"version-history":[{"count":91,"href":"https:\/\/mariaseltmann.com\/en\/wp-json\/wp\/v2\/pages\/2682\/revisions"}],"predecessor-version":[{"id":3189,"href":"https:\/\/mariaseltmann.com\/en\/wp-json\/wp\/v2\/pages\/2682\/revisions\/3189"}],"wp:attachment":[{"href":"https:\/\/mariaseltmann.com\/en\/wp-json\/wp\/v2\/media?parent=2682"}],"curies":[{"name":"wp","href":"https:\/\/api.w.org\/{rel}","templated":true}]}}