{"id":23,"date":"2024-02-12T12:42:40","date_gmt":"2024-02-12T12:42:40","guid":{"rendered":"https:\/\/mariaseltmann.com\/?page_id=23"},"modified":"2026-02-07T15:32:07","modified_gmt":"2026-02-07T15:32:07","slug":"ueber-mich","status":"publish","type":"page","link":"https:\/\/mariaseltmann.com\/en\/ueber-mich\/","title":{"rendered":"About me"},"content":{"rendered":"<p><strong>Ver\u00e4nderung gelingt, wenn sie gehirngerecht gestaltet ist<\/strong>. Mit fundierter <strong>Neurokompetenz<\/strong> unterst\u00fctze ich Menschen und Organisationen dabei, ihr Denken, Handeln und Umfeld so auszurichten, dass Entwicklung nicht nur m\u00f6glich wird, sondern auch Spa\u00df macht. <strong>F\u00fcr wirksame F\u00fchrung, nachhaltiges Lernen und eine gute Lebensgestaltung<\/strong>.<\/p>\n\n\n\n<div class=\"wp-block-columns are-vertically-aligned-center is-layout-flex wp-container-core-columns-is-layout-28f84493 wp-block-columns-is-layout-flex\">\n<div class=\"wp-block-column is-vertically-aligned-center is-layout-flow wp-block-column-is-layout-flow\" style=\"flex-basis:100%\">\n<figure class=\"wp-block-gallery aligncenter has-nested-images columns-default is-cropped wp-block-gallery-3 is-layout-flex wp-block-gallery-is-layout-flex\">\n<figure class=\"wp-block-image size-large has-custom-border is-style-rounded is-style-rounded--1\"><img loading=\"lazy\" decoding=\"async\" width=\"729\" height=\"1295\" data-id=\"1309\" src=\"https:\/\/mariaseltmann.com\/wp-content\/uploads\/2024\/05\/IMG_2355-edited.png\" alt=\"\" class=\"wp-image-1309\" style=\"border-width:5px;border-radius:24px\" srcset=\"https:\/\/mariaseltmann.com\/wp-content\/uploads\/2024\/05\/IMG_2355-edited.png 729w, https:\/\/mariaseltmann.com\/wp-content\/uploads\/2024\/05\/IMG_2355-edited-169x300.png 169w, https:\/\/mariaseltmann.com\/wp-content\/uploads\/2024\/05\/IMG_2355-edited-576x1024.png 576w, https:\/\/mariaseltmann.com\/wp-content\/uploads\/2024\/05\/IMG_2355-edited-7x12.png 7w\" sizes=\"auto, (max-width: 729px) 100vw, 729px\" \/><\/figure>\n\n\n\n<figure class=\"wp-block-image size-large has-custom-border is-style-rounded is-style-rounded--2\"><img loading=\"lazy\" decoding=\"async\" width=\"576\" height=\"1024\" data-id=\"1306\" src=\"https:\/\/mariaseltmann.com\/wp-content\/uploads\/2024\/05\/IMG_2354-576x1024.png\" alt=\"\" class=\"wp-image-1306\" style=\"border-width:5px;border-radius:24px\" srcset=\"https:\/\/mariaseltmann.com\/wp-content\/uploads\/2024\/05\/IMG_2354-576x1024.png 576w, https:\/\/mariaseltmann.com\/wp-content\/uploads\/2024\/05\/IMG_2354-169x300.png 169w, https:\/\/mariaseltmann.com\/wp-content\/uploads\/2024\/05\/IMG_2354-768x1365.png 768w, https:\/\/mariaseltmann.com\/wp-content\/uploads\/2024\/05\/IMG_2354-864x1536.png 864w, https:\/\/mariaseltmann.com\/wp-content\/uploads\/2024\/05\/IMG_2354-7x12.png 7w, https:\/\/mariaseltmann.com\/wp-content\/uploads\/2024\/05\/IMG_2354.png 1080w\" sizes=\"auto, (max-width: 576px) 100vw, 576px\" \/><\/figure>\n<\/figure>\n<\/div>\n<\/div>\n\n\n\n<div class=\"wp-block-buttons is-content-justification-center is-layout-flex wp-container-core-buttons-is-layout-a89b3969 wp-block-buttons-is-layout-flex\"><\/div>\n\n\n\n<div style=\"height:50px\" aria-hidden=\"true\" class=\"wp-block-spacer\"><\/div>\n\n\n\n<h2 class=\"wp-block-heading has-text-align-center\">About me and my stance<\/h2>\n\n\n\n<div class=\"wp-block-media-text is-stacked-on-mobile is-image-fill-element is-style-rounded has-small-font-size\" style=\"border-width:5px;border-radius:24px;grid-template-columns:47% auto\"><figure class=\"wp-block-media-text__media\"><img loading=\"lazy\" decoding=\"async\" width=\"708\" height=\"1024\" src=\"https:\/\/mariaseltmann.com\/wp-content\/uploads\/2024\/02\/IMG_0506-2-708x1024.jpg\" alt=\"\" class=\"wp-image-32 size-full\" style=\"object-position:53% 45%\" srcset=\"https:\/\/mariaseltmann.com\/wp-content\/uploads\/2024\/02\/IMG_0506-2-708x1024.jpg 708w, https:\/\/mariaseltmann.com\/wp-content\/uploads\/2024\/02\/IMG_0506-2-207x300.jpg 207w, https:\/\/mariaseltmann.com\/wp-content\/uploads\/2024\/02\/IMG_0506-2-768x1111.jpg 768w, https:\/\/mariaseltmann.com\/wp-content\/uploads\/2024\/02\/IMG_0506-2-1062x1536.jpg 1062w, https:\/\/mariaseltmann.com\/wp-content\/uploads\/2024\/02\/IMG_0506-2-1415x2048.jpg 1415w, https:\/\/mariaseltmann.com\/wp-content\/uploads\/2024\/02\/IMG_0506-2.jpg 1734w\" sizes=\"auto, (max-width: 708px) 100vw, 708px\" \/><\/figure><div class=\"wp-block-media-text__content\">\n<p>Als <strong>zertifizierter Brain &amp; Health Coach, Agiler Coach und studierte Informatikerin<\/strong> verbinde ich analytisches und wissenschaftliches Vorgehen mit praktisch anwendbaren Methoden und Strategien f\u00fcr K\u00f6rper und Gehirn.<br>Meine Passion f\u00fcr die <strong>Neurophysiologie in Verbindung mit ganzheitlicher Gesundheit<\/strong> und das Wissen um <strong>brain-friendly lifestyle choices<\/strong> haben mir enorme Erleichterung im Alltag und auch in herausfordernden Situationen gebracht.<br>The <strong>combination of computer science and neuroscience<\/strong> empfinde ich dabei als besonders spannend: Auch wir haben Programme im Kopf, die mal bewusst, mal unbewusst ablaufen. Wir k\u00f6nnen diese Programme analysieren, Fehler eliminieren und neue Programme und Routinen installieren, die uns helfen, unseren Alltag auf Gesundheit, Erfolg und Produktivit\u00e4t zu programmieren.<\/p>\n<\/div><\/div>\n\n\n\n<div style=\"height:50px\" aria-hidden=\"true\" class=\"wp-block-spacer\"><\/div>\n\n\n\n<h1 class=\"wp-block-heading\">Primary and Further Education<\/h1>\n\n\n\n<h2 class=\"wp-block-heading\">Harvard\u2019s MicroBachelors\u00ae Program in Introduction to Neuroscience<\/h2>\n\n\n\n<p>Das <a href=\"https:\/\/www.edx.org\/bachelors\/microbachelors\/harvardx-introduction-to-neuroscience\" data-type=\"link\" data-id=\"https:\/\/www.edx.org\/bachelors\/microbachelors\/harvardx-introduction-to-neuroscience\" target=\"_blank\" rel=\"noreferrer noopener\">MicroBachelors Program \u201eIntroduction to Neuroscience\u201c der Harvard University<\/a> bietet eine <strong>umfassende Einf\u00fchrung in die Grundlagen der Neurobiologie.<\/strong><\/p>\n\n\n\n<p>Unterrichtet von Harvard-Professor David Cox erhalten Teilnehmende eine detaillierte Einf\u00fchrung in zentrale Konzepte der Neurowissenschaften und erforschen <strong>Aufbau und Funktion des menschlichen Nervensystems<\/strong>, von den elektrischen Eigenschaften einzelner Neuronen \u00fcber die Signalweiterleitung bis hin zu komplexen Dynamiken.<\/p>\n\n\n\n<p>Teilnehmende erwerben College-Credits und <strong>entwickeln ein tiefes Verst\u00e4ndnis f\u00fcr zentrale neurobiologische Konzepte auf zellul\u00e4rer und systemischer Ebene<\/strong>.<\/p>\n\n\n\n<div class=\"wp-block-columns is-layout-flex wp-container-core-columns-is-layout-28f84493 wp-block-columns-is-layout-flex\">\n<div class=\"wp-block-column is-layout-flow wp-block-column-is-layout-flow\" style=\"flex-basis:100%\">\n<div class=\"wp-block-group has-global-padding is-layout-constrained wp-block-group-is-layout-constrained\">\n<div class=\"wp-block-columns is-layout-flex wp-container-core-columns-is-layout-28f84493 wp-block-columns-is-layout-flex\">\n<div class=\"wp-block-column is-layout-flow wp-block-column-is-layout-flow\" style=\"flex-basis:50%\">\n<div class=\"wp-block-cover has-xx-large-font-size has-aspect-ratio\" style=\"border-style:none;border-width:0px;margin-top:0;margin-bottom:0;padding-right:0;padding-left:0;aspect-ratio:3\/4;min-height:unset;\"><img loading=\"lazy\" decoding=\"async\" width=\"1058\" height=\"1497\" class=\"wp-block-cover__image-background wp-image-3318 size-full\" alt=\"\" src=\"https:\/\/mariaseltmann.com\/wp-content\/uploads\/2025\/10\/MicroBachelors-edX-Credentials-pdf.jpg\" style=\"object-position:44% 40%\" data-object-fit=\"cover\" data-object-position=\"44% 40%\"\/><span aria-hidden=\"true\" class=\"wp-block-cover__background has-background-dim\"><\/span><div class=\"wp-block-cover__inner-container is-layout-flow wp-container-core-cover-is-layout-90431b1e wp-block-cover-is-layout-flow\">\n<p class=\"has-text-align-center has-base-2-color has-text-color has-link-color has-large-font-size wp-elements-883a14b69441c52aface77b53772b38a\"><a href=\"https:\/\/credentials.edx.org\/credentials\/16b9ed50a3aa45b188033a9ab4389e93\/\" target=\"_blank\" rel=\"noreferrer noopener\">\u00d6ffnen<\/a><\/p>\n<\/div><\/div>\n<\/div>\n\n\n\n<div class=\"wp-block-column is-layout-flow wp-block-column-is-layout-flow\" style=\"flex-basis:50%\"><\/div>\n<\/div>\n<\/div>\n<\/div>\n<\/div>\n\n\n\n<h2 class=\"wp-block-heading\">Certified Expert of Applied Neuroscience<\/h2>\n\n\n\n<p>Die Ausbildung zum &#8222;Certified Expert of Applied Neuroscience&#8220; der <strong><a href=\"https:\/\/eilert-akademie.com\/neuroscience-experte-werden\/\">Eilert <\/a><a href=\"https:\/\/eilert-akademie.com\/neuroscience-experte-werden\/\" target=\"_blank\" rel=\"noreferrer noopener\">Akademie<\/a> <\/strong> vermittelt ein umfangreiches Verst\u00e4ndnis der Funktionellen Neuroanatomie und der zugrunde liegenden neurowissenschaftlichen Konzepte. Sie zeigt fundiert auf, <strong>which neuronal processes take place in the brain<\/strong>, was genau zu ver\u00e4nderten Bewusstseinszust\u00e4nden f\u00fchrt, wie sich Gewohnheiten entwickeln, warum sie sich so schwer ver\u00e4ndern lassen und <strong>what really supports change processes<\/strong>. Die Ausbildung vermittelt die Idee der bio-psycho-sozialen Wechselwirkungen und zeigt anhand der Psychoneuroimmunologie <strong>how mind, brain and body interact with each other<\/strong> and are partly dependent on each other.<\/p>\n\n\n\n<h2 class=\"wp-block-heading\">Certified Brain Coach<\/h2>\n\n\n\n<p>Die Ausbildung der <strong><a href=\"https:\/\/www.brainacademy.com\/p\/brain-coach\">Brain Academy<\/a><\/strong> zum \u201cCertified Brain Coach\u201d vermittelt essenzielle Einblicke in die Funktionsweise unseres Gehirns und zeigt praxisnah auf, wie dieses Wissen im Coaching und Training wirksam angewendet werden kann. Ziel ist es nicht, sich in Theorien oder technischen Details zu verlieren \u2013 vielmehr steht die <strong>echte Umsetzung neurowissenschaftlicher Erkenntnisse<\/strong> im Zentrum. Die Ausbildung zeigt auf, wie<strong> wir das Gehirn dabei unterst\u00fctzen, sich durch Neuroplastizit\u00e4t zu ver\u00e4ndern, welche Faktoren Gewohnheiten formen, welche Programmfehler wie kognitive Verzerrungen uns steuern und wie dieses Gehirnwissen praktisch eingesetzt werden kann<\/strong> \u2013 f\u00fcr echtes Wachstum, mehr mentale St\u00e4rke und tiefgreifende Entwicklung.<\/p>\n\n\n\n<div class=\"wp-block-columns is-layout-flex wp-container-core-columns-is-layout-28f84493 wp-block-columns-is-layout-flex\">\n<div class=\"wp-block-column is-layout-flow wp-block-column-is-layout-flow\">\n<div class=\"wp-block-cover\"><img decoding=\"async\" class=\"wp-block-cover__image-background\" alt=\"\" src=\"https:\/\/www.braincoachdirectory.com\/images\/Brain-Coach-Logo.png\" data-object-fit=\"cover\"\/><span aria-hidden=\"true\" class=\"wp-block-cover__background has-background-dim\"><\/span><div class=\"wp-block-cover__inner-container is-layout-flow wp-block-cover-is-layout-flow\">\n<h2 class=\"wp-block-heading has-text-align-center has-base-2-color has-text-color has-link-color wp-elements-130e358934184be58dab4b02556dd676\"><a href=\"https:\/\/www.braincoachdirectory.com\/germany\/bavaria\/brain-coach\/maria-seltmann?from=badge\" target=\"_blank\" rel=\"noreferrer noopener\">\u00d6ffnen<\/a><\/h2>\n<\/div><\/div>\n<\/div>\n\n\n\n<div class=\"wp-block-column is-vertically-aligned-center is-layout-flow wp-block-column-is-layout-flow\"><\/div>\n<\/div>\n\n\n\n<div class=\"wp-block-columns is-layout-flex wp-container-core-columns-is-layout-28f84493 wp-block-columns-is-layout-flex\">\n<div class=\"wp-block-column is-layout-flow wp-block-column-is-layout-flow\" style=\"flex-basis:100%\">\n<div class=\"wp-block-columns is-layout-flex wp-container-core-columns-is-layout-28f84493 wp-block-columns-is-layout-flex\">\n<div class=\"wp-block-column is-layout-flow wp-block-column-is-layout-flow\" style=\"flex-basis:50%\"><\/div>\n\n\n\n<div class=\"wp-block-column is-layout-flow wp-block-column-is-layout-flow\" style=\"flex-basis:50%\"><\/div>\n<\/div>\n<\/div>\n<\/div>\n\n\n\n<h2 class=\"wp-block-heading\">T\u00dcV certified Medletics Health Coach<\/h2>\n\n\n\n<p>The holistic training at the <a href=\"https:\/\/medletics-academy.de\"><strong>Medletics Academy<\/strong><\/a> transported deep, in-depth knowledge by several holistically thinking doctors and coaches on medical basics, training and nutritional sciences, psychology, regeneration, biochemical processes and blood values.<br>Above all, I was fascinated by the connections between the brain and the body and the neurobiological aspects: <strong>How does the brain work, how do I become a smart brain user, what processes take place in the brain and how does this manifest itself in the body?<\/strong> Why do we turn stupid when we are stressed and what can we specifically and effectively do about it?<br>By applying the content taught, I was able to help not only myself but also those around me to live a healthy, productive and brain-friendly lifestyle!<\/p>\n\n\n\n<h2 class=\"wp-block-heading\">Lean &amp; Agile Coach<\/h2>\n\n\n\n<p>I have several years of experience in individual coaching and coaching for teams in an agile environment. <strong>Agile transformations in particular benefit from brain-friendly design<\/strong> or can go terribly wrong if the neurobiological basics are not understood.<br>Ich habe die unterschiedlichsten transformativen und agilen Setups selbst durchlebt und begleitet und durfte in den Rollen als Scrum Master, Product Owner, Tester, Release Train Engineer und Lean &amp; Agile Coach sowohl gescheiterte als auch erfolgreiche Ver\u00e4nderungsvorhaben erleben.<\/p>\n\n\n\n<hr class=\"wp-block-separator has-alpha-channel-opacity\"\/>\n\n\n\n<h2 class=\"wp-block-heading\">Further certifications, activities and interests<\/h2>\n\n\n\n<p>My life is structured, but colorful and diverse and, above all, designed to be brain-friendly. The following is an excerpt of my activities and interests:<\/p>\n\n\n\n<ul class=\"wp-block-list\">\n<li><a href=\"https:\/\/www.braincoachdirectory.com\/germany\/bavaria\/brain-coach\/maria-seltmann\">Brain Coach<\/a>, <a href=\"https:\/\/medletics-academy.de\/\">Health Coach<\/a><\/li>\n\n\n\n<li><a href=\"https:\/\/mariaseltmann.com\/en\/blog\/\">B.Log<\/a> Creator, Neuro-Nerd<\/li>\n\n\n\n<li>Agile Coach, Learning Coach<\/li>\n\n\n\n<li>Lean Management &amp; Transformation Coach<\/li>\n\n\n\n<li>Lifelong learner and book nerd<\/li>\n\n\n\n<li>Clean-Eating Practitioner<\/li>\n\n\n\n<li>SAFe Program Consultant<\/li>\n\n\n\n<li>ISTQB certified tester, key expert test automation<\/li>\n\n\n\n<li>Software developer, key developer expert<\/li>\n\n\n\n<li>Master of Science in Computer Science and Multimedia<\/li>\n\n\n\n<li>HIIT fan, on-off boulderer and salsa dancer<\/li>\n\n\n\n<li>Hobby writer and contributor to the Springer book <a href=\"https:\/\/link.springer.com\/book\/10.1007\/978-3-658-31001-1\">Agilit\u00e4t in Unternehmen<\/a><\/li>\n\n\n\n<li>Member of the program committee at&nbsp;<a href=\"http:\/\/www.manage-agile.de\/\" target=\"_blank\" rel=\"noreferrer noopener\">Manage Agile<\/a><\/li>\n\n\n\n<li><a href=\"https:\/\/eilert-akademie.com\/basisausbildung-applied-neuroscience\/\" target=\"_blank\" rel=\"noreferrer noopener\">Certified Practitioner &amp; Expert of Applied Neuroscience<\/a><\/li>\n<\/ul>\n\n\n\n<p><\/p>\n\n\n\n<p>Unterrichtet, unterst\u00fctzt und inspiriert von den unterschiedlichsten gro\u00dfartigen Trainern, Coaches und Mentoren wie <a href=\"https:\/\/marija-radtke.de\/\">Marija Radtke<\/a>, <a href=\"https:\/\/www.robertmisch.com\/\">Robert Misch<\/a>, <a href=\"https:\/\/de.linkedin.com\/in\/vera-baum-1165b8159\">Vera Baum<\/a> &amp; <a href=\"https:\/\/qualityminds.com\/de\/\" target=\"_blank\" rel=\"noreferrer noopener\">QualityMinds<\/a>, <a href=\"https:\/\/www.youtube.com\/watch?v=p5sLx2OTP4M\">Kevlin Henney<\/a>, <a href=\"https:\/\/www.leadingx.com\/\">LeadingX<\/a>, <a href=\"https:\/\/eilert-akademie.com\/dr-damir-del-monte\/\">Dr. Dr. Damir del Monte<\/a>, the docs and coaches of <a href=\"https:\/\/medletics-academy.de\">Medletics Academy<\/a> and many more.<\/p>\n\n\n\n<div style=\"height:50px\" aria-hidden=\"true\" class=\"wp-block-spacer\"><\/div>\n\n\n\n<h2 class=\"wp-block-heading\">What I believe in<\/h2>\n\n\n\n<p>I look at things from different perspectives and see possibilities and opportunities for development even in difficult situations. I believe in experiments and the power of small steps towards a brain-friendly lifestyle through the power combination of brain &amp; body. I love learning, growing and using and supporting my body and brain in the best possible way. I strive to find efficient solutions to the problems of today's busy world.<\/p>\n\n\n\n<p><strong>Kontakt:<\/strong><br><a href=\"mailto:coaching@mariaseltmann.com\">coaching@mariaseltmann.com<\/a><\/p>\n\n\n\n<p><\/p>","protected":false},"excerpt":{"rendered":"<p>Ver\u00e4nderung gelingt, wenn sie gehirngerecht gestaltet ist. Mit fundierter Neurokompetenz unterst\u00fctze ich Menschen und Organisationen dabei, ihr Denken, Handeln und Umfeld so auszurichten, dass Entwicklung nicht nur m\u00f6glich wird, sondern auch Spa\u00df macht. F\u00fcr wirksame F\u00fchrung, nachhaltiges Lernen und eine gute Lebensgestaltung. Wer ich bin und was mich auszeichnet Als zertifizierter Brain &amp; Health Coach, [&hellip;]<\/p>\n","protected":false},"author":2,"featured_media":0,"parent":0,"menu_order":0,"comment_status":"closed","ping_status":"closed","template":"","meta":{"footnotes":""},"class_list":["post-23","page","type-page","status-publish","hentry"],"_links":{"self":[{"href":"https:\/\/mariaseltmann.com\/en\/wp-json\/wp\/v2\/pages\/23","targetHints":{"allow":["GET"]}}],"collection":[{"href":"https:\/\/mariaseltmann.com\/en\/wp-json\/wp\/v2\/pages"}],"about":[{"href":"https:\/\/mariaseltmann.com\/en\/wp-json\/wp\/v2\/types\/page"}],"author":[{"embeddable":true,"href":"https:\/\/mariaseltmann.com\/en\/wp-json\/wp\/v2\/users\/2"}],"replies":[{"embeddable":true,"href":"https:\/\/mariaseltmann.com\/en\/wp-json\/wp\/v2\/comments?post=23"}],"version-history":[{"count":140,"href":"https:\/\/mariaseltmann.com\/en\/wp-json\/wp\/v2\/pages\/23\/revisions"}],"predecessor-version":[{"id":3385,"href":"https:\/\/mariaseltmann.com\/en\/wp-json\/wp\/v2\/pages\/23\/revisions\/3385"}],"wp:attachment":[{"href":"https:\/\/mariaseltmann.com\/en\/wp-json\/wp\/v2\/media?parent=23"}],"curies":[{"name":"wp","href":"https:\/\/api.w.org\/{rel}","templated":true}]}}