{"id":2,"date":"2024-05-22T11:11:58","date_gmt":"2024-05-22T11:11:58","guid":{"rendered":"https:\/\/mariaseltmann.com\/?page_id=2"},"modified":"2024-07-17T16:11:28","modified_gmt":"2024-07-17T16:11:28","slug":"start","status":"publish","type":"page","link":"https:\/\/mariaseltmann.com\/en\/start\/","title":{"rendered":"Stories"},"content":{"rendered":"<h3 class=\"wp-block-heading has-text-align-center\"><em>Hirndialoge und andere Geschichten<\/em><\/h3>\n\n\n\n<div class=\"wp-block-query is-layout-flow wp-block-query-is-layout-flow\">\n<figure class=\"wp-block-image aligncenter size-medium has-custom-border is-style-rounded wp-duotone-duotone-1 is-style-rounded--1\"><img loading=\"lazy\" decoding=\"async\" width=\"300\" height=\"300\" src=\"https:\/\/mariaseltmann.com\/wp-content\/uploads\/2024\/05\/IMG_2399-300x300.jpeg\" alt=\"\" class=\"wp-image-1526\" style=\"border-width:5px;border-radius:24px\" srcset=\"https:\/\/mariaseltmann.com\/wp-content\/uploads\/2024\/05\/IMG_2399-300x300.jpeg 300w, https:\/\/mariaseltmann.com\/wp-content\/uploads\/2024\/05\/IMG_2399-150x150.jpeg 150w, https:\/\/mariaseltmann.com\/wp-content\/uploads\/2024\/05\/IMG_2399-12x12.jpeg 12w, https:\/\/mariaseltmann.com\/wp-content\/uploads\/2024\/05\/IMG_2399.jpeg 540w\" sizes=\"auto, (max-width: 300px) 100vw, 300px\" \/><\/figure>\n\n\n\n<div style=\"height:40px\" aria-hidden=\"true\" class=\"wp-block-spacer\"><\/div>\n\n\n\n<hr class=\"wp-block-separator has-alpha-channel-opacity\"\/>\n\n\n\n<div class=\"wp-block-group has-global-padding is-layout-constrained wp-block-group-is-layout-constrained\">\n<div class=\"wp-block-columns is-layout-flex wp-container-core-columns-is-layout-28f84493 wp-block-columns-is-layout-flex\">\n<div class=\"wp-block-column is-layout-flow wp-block-column-is-layout-flow\" style=\"flex-basis:100%\">\n<div class=\"wp-block-query is-layout-flow wp-block-query-is-layout-flow\"><ul class=\"wp-block-post-template is-layout-flow wp-block-post-template-is-layout-flow\"><li class=\"wp-block-post post-2058 post type-post status-publish format-standard hentry category-hirndialoge\">\n<h2 class=\"wp-block-post-title\">Gehirnfreundlich to Go: Sch\u00f6ner Reisen mit der Deutschen Bahn<\/h2>\n\n<div class=\"wp-block-post-excerpt\"><p class=\"wp-block-post-excerpt__excerpt\">Eine nicht allzu ernst gemeinte Betrachtung Morgens am Bahnhof: Es ist ein grauer Novembermorgen.Ich freue mich auf meine Zugfahrt nach Berlin zur gro\u00dfen Manage Agile Konferenz. Beim Blick auf die Anzeigetafel ist die Freude jedoch auch diesmal schnell ged\u00e4mpft, die Durchsage best\u00e4tigt, was ich lese: \u201eICE 711 f\u00e4llt heute aus. Grund sind Reparaturarbeiten am Zug.<\/p><p class=\"wp-block-post-excerpt__more-text\"><a class=\"wp-block-post-excerpt__more-link\" href=\"https:\/\/mariaseltmann.com\/en\/hirndialoge\/gehirnfreundlich-to-go\/\">Mehr..<\/a><\/p><\/div>\n<\/li><li class=\"wp-block-post post-1992 post type-post status-publish format-standard hentry category-hirndialoge\">\n<h2 class=\"wp-block-post-title\">Entwickler Erwin und die innere Gerichtsverhandlung<\/h2>\n\n<div class=\"wp-block-post-excerpt\"><p class=\"wp-block-post-excerpt__excerpt\">Entwickler Erwin ist ein introvertierter, freundlicher und cleverer Nerd. Er hat viele kreative Ideen, traut sich aber oft nicht, diese zu \u00e4u\u00dfern. Er lebt in seinem eigenen Kopf. Situation Heute geht es darum eine Pr\u00e4sentation zu halten. Erwin hat wie immer einen guten Vorschlag, wei\u00df aber nicht, wie er diesen verst\u00e4ndlich an den Mann bringen<\/p><p class=\"wp-block-post-excerpt__more-text\"><a class=\"wp-block-post-excerpt__more-link\" href=\"https:\/\/mariaseltmann.com\/en\/hirndialoge\/entwickler-erwin-und-die-innere-gerichtsverhandlung\/\">Mehr..<\/a><\/p><\/div>\n<\/li><li class=\"wp-block-post post-1603 post type-post status-publish format-standard has-post-thumbnail hentry category-hirndialoge\">\n<h2 class=\"wp-block-post-title\">Kletterstunde f\u00fcr den Chef<\/h2>\n\n<div class=\"wp-block-post-excerpt\"><p class=\"wp-block-post-excerpt__excerpt\">Unsere Akteurin Colleen Coach hat ein Meeting mit ihrem Chef. Dieser kommt w\u00fctend und ziemlich angefressen in den Termin, er hat diverse Themen, die ihn seit langem besch\u00e4ftigen und die heute durch den sprichw\u00f6rtlichen Tropfen auf den hei\u00dfen Stein aus ihm herausbrechen. Der Chef agiert nicht mehr rational und sein Gehirn wird mit Stresshormonen \u00fcberschwemmt.&hellip;<\/p><p class=\"wp-block-post-excerpt__more-text\"><a class=\"wp-block-post-excerpt__more-link\" href=\"https:\/\/mariaseltmann.com\/en\/hirndialoge\/kletterstunde-fur-den-chef\/\">Mehr..<\/a><\/p><\/div>\n<\/li><li class=\"wp-block-post post-1644 post type-post status-publish format-standard has-post-thumbnail hentry category-hirndialoge\">\n<h2 class=\"wp-block-post-title\">Der Tag des verschwundenen Internets<\/h2>\n\n<div class=\"wp-block-post-excerpt\"><p class=\"wp-block-post-excerpt__excerpt\">Es war ein ganz normaler Montagmorgen, als Marleen Manager, mit einer Situation konfrontiert wurde, der sicherlich in die &#8218;Hall of Fame&#8216; der B\u00fcroanekdote eingehen sollte: das Internet war weg. Einfach verschwunden. Futsch. Marleen betritt das B\u00fcro, Kaffee in der einen, ihr Smartphone in der anderen Hand. Sie bemerkt, dass etwas in der Luft liegt \u2013&hellip;<\/p><p class=\"wp-block-post-excerpt__more-text\"><a class=\"wp-block-post-excerpt__more-link\" href=\"https:\/\/mariaseltmann.com\/en\/hirndialoge\/der-tag-des-verschwundenen-internet\/\">Mehr..<\/a><\/p><\/div>\n<\/li><li class=\"wp-block-post post-1505 post type-post status-publish format-standard has-post-thumbnail hentry category-hirndialoge\">\n<h2 class=\"wp-block-post-title\">Die Budget-Bilanz Brisanz<\/h2>\n\n<div class=\"wp-block-post-excerpt\"><p class=\"wp-block-post-excerpt__excerpt\">Marleen Manager ist eine smarte Businessfrau und Managerin mehrerer Entwicklungsteams. Sie arbeitet in einer gro\u00dfen hierarchischen Firma in der Industrie und hat gro\u00dfe Budgetverantwortung. Sie trifft jeden Tag viele wichtige Entscheidungen und ist verantwortlich f\u00fcr mehrere hundert Menschen. Marleen ist Expertin in der Dom\u00e4ne und hat einen guten Sinn f\u00fcr Fairness. In ihrem Alltag geht&hellip;<\/p><p class=\"wp-block-post-excerpt__more-text\"><a class=\"wp-block-post-excerpt__more-link\" href=\"https:\/\/mariaseltmann.com\/en\/hirndialoge\/das-budget-dilemma\/\">Mehr..<\/a><\/p><\/div>\n<\/li><\/ul>\n\n<nav class=\"wp-block-query-pagination is-layout-flex wp-block-query-pagination-is-layout-flex\" aria-label=\"Pagination\">\n\n\n<div class=\"wp-block-query-pagination-numbers\"><span aria-current=\"page\" class=\"page-numbers current\">1<\/span>\n<a class=\"page-numbers\" href=\"?query-18-page=2\">2<\/a><\/div>\n\n<a href=\"\/en\/wp-json\/wp\/v2\/pages\/2?query-18-page=2\" class=\"wp-block-query-pagination-next\">Next Page<\/a>\n<\/nav>\n\n<\/div>\n<\/div>\n<\/div>\n<\/div>\n\n\n\n<div style=\"height:40px\" aria-hidden=\"true\" class=\"wp-block-spacer\"><\/div>\n\n\n\n<h3 class=\"wp-block-heading has-text-align-center\"><br>Humorvolle Hirndialoge und hilfreiche Handlungsalternativen<\/h3>\n\n\n\n<p class=\"has-text-align-center\">In den Hirndialogen betrachten wir verschiedene Szenarien der automatischen Denkroutinen, die in unserem Gehirn ablaufen, analysieren die Muster dahinter, entlarven typische Denkfehler und bieten alternative Handlungsm\u00f6glichkeiten.&nbsp;<br><br>Die F\u00e4higkeit, bewusst zu entscheiden, wie wir auf bestimmte Situationen reagieren wollen, ist eine der gr\u00f6\u00dften St\u00e4rken des menschlichen Gehirns. Es ist eine der Stationen auf dem Weg, ein \u201esmarter Gehirnnutzer\u201c zu werden. Indem wir Handlungsalternativen erkennen und im Geiste durchspielen, indem wir sozusagen eine Simulation starten, k\u00f6nnen wir uns auf diese neuen Wege vorbereiten. Die folgenden Geschichten laden genau dazu ein.<\/p>\n\n\n\n<p class=\"has-text-align-center\"><strong>Anmerkung<\/strong>: <em>Die Hirndialoge sind keine neurowissenschaftlich reale Darstellung. Im Dienste der Didaktik sollen hier einfache und am\u00fcsante Geschichten erz\u00e4hlt werden, die uns helfen, unsere Denkmuster zu verstehen und neu zu ordnen.<\/em><\/p>\n<\/div>\n\n\n\n<p><\/p>","protected":false},"excerpt":{"rendered":"<p>Hirndialoge und andere Geschichten<\/p>","protected":false},"author":2,"featured_media":0,"parent":0,"menu_order":0,"comment_status":"closed","ping_status":"open","template":"","meta":{"footnotes":""},"class_list":["post-2","page","type-page","status-publish","hentry"],"_links":{"self":[{"href":"https:\/\/mariaseltmann.com\/en\/wp-json\/wp\/v2\/pages\/2","targetHints":{"allow":["GET"]}}],"collection":[{"href":"https:\/\/mariaseltmann.com\/en\/wp-json\/wp\/v2\/pages"}],"about":[{"href":"https:\/\/mariaseltmann.com\/en\/wp-json\/wp\/v2\/types\/page"}],"author":[{"embeddable":true,"href":"https:\/\/mariaseltmann.com\/en\/wp-json\/wp\/v2\/users\/2"}],"replies":[{"embeddable":true,"href":"https:\/\/mariaseltmann.com\/en\/wp-json\/wp\/v2\/comments?post=2"}],"version-history":[{"count":65,"href":"https:\/\/mariaseltmann.com\/en\/wp-json\/wp\/v2\/pages\/2\/revisions"}],"predecessor-version":[{"id":2076,"href":"https:\/\/mariaseltmann.com\/en\/wp-json\/wp\/v2\/pages\/2\/revisions\/2076"}],"wp:attachment":[{"href":"https:\/\/mariaseltmann.com\/en\/wp-json\/wp\/v2\/media?parent=2"}],"curies":[{"name":"wp","href":"https:\/\/api.w.org\/{rel}","templated":true}]}}