{"id":1249,"date":"2024-04-29T16:45:07","date_gmt":"2024-04-29T16:45:07","guid":{"rendered":"https:\/\/mariaseltmann.com\/?page_id=1249"},"modified":"2025-03-31T12:11:52","modified_gmt":"2025-03-31T12:11:52","slug":"free-download-quiz","status":"publish","type":"page","link":"https:\/\/mariaseltmann.com\/en\/free-download-quiz\/","title":{"rendered":"Quiz &amp; Booklet"},"content":{"rendered":"\n<h2 class=\"wp-block-heading\" id=\"free-download\">Booklet: &#8222;Brainfood&#8220; &#8211; 10 Dinge, die Dein Gehirn liebt<\/h2>\n\n\n\n<div class=\"wp-block-columns has-contrast-color has-text-color has-link-color wp-elements-1cb9e358b348eb9ad57935ab21b05ea5 is-layout-flex wp-container-core-columns-is-layout-44468703 wp-block-columns-is-layout-flex\" style=\"border-width:1px;border-radius:18px;padding-top:var(--wp--preset--spacing--10);padding-right:var(--wp--preset--spacing--10);padding-bottom:var(--wp--preset--spacing--10);padding-left:var(--wp--preset--spacing--10);box-shadow:var(--wp--preset--shadow--crisp)\">\n<div class=\"wp-block-column is-layout-flow wp-block-column-is-layout-flow\"><style id=\"wpforms-css-vars-997-block-312bdba8-ef9c-4582-ad9a-a887221e69e3\">\n\t\t\t\t#wpforms-997.wpforms-block-312bdba8-ef9c-4582-ad9a-a887221e69e3 {\n\t\t\t\t--wpforms-field-border-radius: 40px;\n--wpforms-button-border-radius: -61px;\n--wpforms-button-background-color: #111111;\n--wpforms-field-size-input-height: 43px;\n--wpforms-field-size-input-spacing: 15px;\n--wpforms-field-size-font-size: 16px;\n--wpforms-field-size-line-height: 19px;\n--wpforms-field-size-padding-h: 14px;\n--wpforms-field-size-checkbox-size: 16px;\n--wpforms-field-size-sublabel-spacing: 5px;\n--wpforms-field-size-icon-size: 1;\n--wpforms-label-size-font-size: 16px;\n--wpforms-label-size-line-height: 19px;\n--wpforms-label-size-sublabel-font-size: 14px;\n--wpforms-label-size-sublabel-line-height: 17px;\n--wpforms-button-size-font-size: 17px;\n--wpforms-button-size-height: 41px;\n--wpforms-button-size-padding-h: 15px;\n--wpforms-button-size-margin-top: 10px;\n\t\t\t}\n\t\t\t<\/style><div class=\"wpforms-container wpforms-container-full wpforms-block wpforms-block-312bdba8-ef9c-4582-ad9a-a887221e69e3 wpforms-render-modern\" id=\"wpforms-997\"><form id=\"wpforms-form-997\" class=\"wpforms-validate wpforms-form wpforms-ajax-form\" data-formid=\"997\" method=\"post\" enctype=\"multipart\/form-data\" action=\"\/en\/wp-json\/wp\/v2\/pages\/1249\" data-token=\"f4699c84bd8f686741e04a191141d2f5\" data-token-time=\"1776702462\"><noscript class=\"wpforms-error-noscript\">Please enable JavaScript in your browser to complete this form.<\/noscript><div id=\"wpforms-error-noscript\" style=\"display: none;\">Please enable JavaScript in your browser to complete this form.<\/div><div class=\"wpforms-field-container\"><div id=\"wpforms-997-field_0-container\" class=\"wpforms-field wpforms-field-name\" data-field-id=\"0\"><label class=\"wpforms-field-label\" for=\"wpforms-997-field_0\">Name <span class=\"wpforms-required-label\" aria-hidden=\"true\">*<\/span><\/label><input type=\"text\" id=\"wpforms-997-field_0\" class=\"wpforms-field-large wpforms-field-required\" name=\"wpforms[fields][0]\" aria-errormessage=\"wpforms-997-field_0-error\" required><\/div><div id=\"wpforms-997-field_1-container\" class=\"wpforms-field wpforms-field-email\" data-field-id=\"1\"><label class=\"wpforms-field-label\" for=\"wpforms-997-field_1\">Email <span class=\"wpforms-required-label\" aria-hidden=\"true\">*<\/span><\/label><input type=\"email\" id=\"wpforms-997-field_1\" class=\"wpforms-field-large wpforms-field-required\" name=\"wpforms[fields][1]\" spellcheck=\"false\" aria-errormessage=\"wpforms-997-field_1-error\" required><\/div><div id=\"wpforms-997-field_5-container\" class=\"wpforms-field wpforms-field-checkbox\" data-field-id=\"5\"><fieldset><legend class=\"wpforms-field-label wpforms-label-hide\" aria-hidden=\"false\">Einwilligung <span class=\"wpforms-required-label\" aria-hidden=\"true\">*<\/span><\/legend><ul id=\"wpforms-997-field_5\" class=\"wpforms-field-required\"><li class=\"choice-1 depth-1\"><input type=\"checkbox\" id=\"wpforms-997-field_5_1\" name=\"wpforms[fields][5][]\" value=\"Bitte klicke hier, um unserer E-Mail-Liste beizutreten.\" aria-errormessage=\"wpforms-997-field_5_1-error\" required ><label class=\"wpforms-field-label-inline\" for=\"wpforms-997-field_5_1\">Bitte klicke hier, um unserer E-Mail-Liste beizutreten.<\/label><\/li><\/ul><\/fieldset><\/div><\/div><!-- .wpforms-field-container --><div class=\"wpforms-submit-container\" ><input type=\"hidden\" name=\"wpforms[id]\" value=\"997\"><input type=\"hidden\" name=\"page_title\" value=\"\"><input type=\"hidden\" name=\"page_url\" value=\"https:\/\/mariaseltmann.com\/en\/wp-json\/wp\/v2\/pages\/1249\"><input type=\"hidden\" name=\"url_referer\" value=\"\"><button type=\"submit\" name=\"wpforms[submit]\" id=\"wpforms-submit-997\" class=\"wpforms-submit\" data-alt-text=\"Sending...\" data-submit-text=\"Download\" aria-live=\"assertive\" value=\"wpforms-submit\">Download<\/button><img loading=\"lazy\" decoding=\"async\" src=\"https:\/\/mariaseltmann.com\/wp-content\/plugins\/wpforms-lite\/assets\/images\/submit-spin.svg\" class=\"wpforms-submit-spinner\" style=\"display: none;\" width=\"26\" height=\"26\" alt=\"Loading\"><\/div><\/form><\/div>  <!-- .wpforms-container --><\/div>\n\n\n\n<div class=\"wp-block-column is-vertically-aligned-center is-layout-flow wp-block-column-is-layout-flow\">\n<figure class=\"wp-block-image alignright size-large is-resized has-custom-border is-style-default wp-duotone-unset-1\"><img loading=\"lazy\" decoding=\"async\" width=\"791\" height=\"1024\" src=\"https:\/\/mariaseltmann.com\/wp-content\/uploads\/2024\/05\/brainfood-free-download-791x1024.png\" alt=\"\" class=\"has-border-color has-base-2-border-color wp-image-1284\" style=\"border-width:5px;width:257px;height:auto\" srcset=\"https:\/\/mariaseltmann.com\/wp-content\/uploads\/2024\/05\/brainfood-free-download-791x1024.png 791w, https:\/\/mariaseltmann.com\/wp-content\/uploads\/2024\/05\/brainfood-free-download-232x300.png 232w, https:\/\/mariaseltmann.com\/wp-content\/uploads\/2024\/05\/brainfood-free-download-768x994.png 768w, https:\/\/mariaseltmann.com\/wp-content\/uploads\/2024\/05\/brainfood-free-download-1187x1536.png 1187w, https:\/\/mariaseltmann.com\/wp-content\/uploads\/2024\/05\/brainfood-free-download-9x12.png 9w, https:\/\/mariaseltmann.com\/wp-content\/uploads\/2024\/05\/brainfood-free-download.png 1545w\" sizes=\"auto, (max-width: 791px) 100vw, 791px\" \/><\/figure>\n<\/div>\n<\/div>\n\n\n\n<div style=\"height:50px\" aria-hidden=\"true\" class=\"wp-block-spacer\"><\/div>\n\n\n\n<h2 class=\"wp-block-heading\" id=\"quiz\">Quiz f\u00fcr smarte Gehirnbenutzer<\/h2>\n\n\n\n<p class=\"has-large-font-size\">M\u00f6glichkeit zum Gewinn eines Workbooks: <a href=\"http:\/\/www.mariaseltmann.com\/mein-angebot#brain-body-health-snapshot\" data-type=\"internal\" data-id=\"#brain-body-health-snapshot\" target=\"_blank\" rel=\"noreferrer noopener\">\u201cBrainfriendly Basics\u201d<\/a><\/p>\n\n\n\n<div class=\"wp-block-columns has-contrast-color has-text-color has-link-color wp-elements-9866a19ffa50204306cb30e8c81f7ccd is-layout-flex wp-container-core-columns-is-layout-44468703 wp-block-columns-is-layout-flex\" style=\"border-width:1px;border-radius:18px;padding-top:var(--wp--preset--spacing--10);padding-right:var(--wp--preset--spacing--10);padding-bottom:var(--wp--preset--spacing--10);padding-left:var(--wp--preset--spacing--10);box-shadow:var(--wp--preset--shadow--crisp)\">\n<div class=\"wp-block-column is-vertically-aligned-center is-layout-flow wp-block-column-is-layout-flow\" style=\"flex-basis:350px\">\n<ul class=\"wp-block-list is-style-checkmark-list\">\n<li>Jedes <strong>Workbook enth\u00e4lt fundiertes Wissen, praktische Tipps und t\u00e4gliche kleine Aufgaben<\/strong>\u00a0rund um einen gehirngesunden Lebensstil.<\/li>\n<\/ul>\n\n\n\n<ul class=\"wp-block-list is-style-checkmark-list\">\n<li>Unter allen Zusendungen verlosen wir drei Workbooks.<\/li>\n<\/ul>\n\n\n\n<ul class=\"wp-block-list is-style-checkmark-list\">\n<li>Zus\u00e4tzlich bekommst Du sofort Dein kostenloses pdf <strong>&#8222;Brainfood\u201c &#8211; 10 Dinge, die Dein Gehirn liebt<\/strong>\u201c.<\/li>\n<\/ul>\n\n\n\n<p>Los geht\u2019s, beantworte die Fragen \ud83d\udc47<\/p>\n<\/div>\n\n\n\n<div class=\"wp-block-column is-vertically-aligned-center is-layout-flow wp-block-column-is-layout-flow\">\n<figure class=\"wp-block-image alignright size-full is-resized has-custom-border is-style-default wp-duotone-unset-2\"><img loading=\"lazy\" decoding=\"async\" width=\"284\" height=\"393\" src=\"https:\/\/mariaseltmann.com\/wp-content\/uploads\/2024\/04\/IMG_2275-1.jpeg\" alt=\"\" class=\"has-border-color has-base-2-border-color wp-image-1098\" style=\"border-width:5px;width:132px;height:auto\" srcset=\"https:\/\/mariaseltmann.com\/wp-content\/uploads\/2024\/04\/IMG_2275-1.jpeg 284w, https:\/\/mariaseltmann.com\/wp-content\/uploads\/2024\/04\/IMG_2275-1-217x300.jpeg 217w, https:\/\/mariaseltmann.com\/wp-content\/uploads\/2024\/04\/IMG_2275-1-9x12.jpeg 9w\" sizes=\"auto, (max-width: 284px) 100vw, 284px\" \/><\/figure>\n\n\n\n<figure class=\"wp-block-image alignright size-large is-resized\"><img loading=\"lazy\" decoding=\"async\" width=\"791\" height=\"1024\" src=\"https:\/\/mariaseltmann.com\/wp-content\/uploads\/2024\/05\/brainfood-free-download-791x1024.png\" alt=\"\" class=\"wp-image-1284\" style=\"width:129px;height:auto\" srcset=\"https:\/\/mariaseltmann.com\/wp-content\/uploads\/2024\/05\/brainfood-free-download-791x1024.png 791w, https:\/\/mariaseltmann.com\/wp-content\/uploads\/2024\/05\/brainfood-free-download-232x300.png 232w, https:\/\/mariaseltmann.com\/wp-content\/uploads\/2024\/05\/brainfood-free-download-768x994.png 768w, https:\/\/mariaseltmann.com\/wp-content\/uploads\/2024\/05\/brainfood-free-download-1187x1536.png 1187w, https:\/\/mariaseltmann.com\/wp-content\/uploads\/2024\/05\/brainfood-free-download-9x12.png 9w, https:\/\/mariaseltmann.com\/wp-content\/uploads\/2024\/05\/brainfood-free-download.png 1545w\" sizes=\"auto, (max-width: 791px) 100vw, 791px\" \/><\/figure>\n<\/div>\n<\/div>\n\n\n\n<div class=\"wp-block-columns has-contrast-color has-text-color has-link-color wp-elements-3a9d0f667b0653dc67bfd2ee1c65822f is-layout-flex wp-container-core-columns-is-layout-44468703 wp-block-columns-is-layout-flex\" style=\"border-width:1px;border-radius:18px;padding-top:var(--wp--preset--spacing--10);padding-right:var(--wp--preset--spacing--10);padding-bottom:var(--wp--preset--spacing--10);padding-left:var(--wp--preset--spacing--10);box-shadow:var(--wp--preset--shadow--crisp)\">\n<div class=\"wp-block-column is-layout-flow wp-block-column-is-layout-flow\" style=\"flex-basis:100%\"><style id=\"wpforms-css-vars-1014-block-9d8e686c-6c1d-4f63-9a4e-10d8b32dec6c\">\n\t\t\t\t#wpforms-1014.wpforms-block-9d8e686c-6c1d-4f63-9a4e-10d8b32dec6c {\n\t\t\t\t--wpforms-field-border-color: #A4A4A4;\n--wpforms-field-border-color-spare: #A4A4A4;\n--wpforms-field-size-input-height: 43px;\n--wpforms-field-size-input-spacing: 15px;\n--wpforms-field-size-font-size: 16px;\n--wpforms-field-size-line-height: 19px;\n--wpforms-field-size-padding-h: 14px;\n--wpforms-field-size-checkbox-size: 16px;\n--wpforms-field-size-sublabel-spacing: 5px;\n--wpforms-field-size-icon-size: 1;\n--wpforms-label-size-font-size: 16px;\n--wpforms-label-size-line-height: 19px;\n--wpforms-label-size-sublabel-font-size: 14px;\n--wpforms-label-size-sublabel-line-height: 17px;\n--wpforms-button-size-font-size: 17px;\n--wpforms-button-size-height: 41px;\n--wpforms-button-size-padding-h: 15px;\n--wpforms-button-size-margin-top: 10px;\n\t\t\t}\n\t\t\t<\/style><div class=\"wpforms-container wpforms-container-full wpforms-block wpforms-block-9d8e686c-6c1d-4f63-9a4e-10d8b32dec6c wpcode id1040 wpforms-render-modern\" id=\"wpforms-1014\"><form id=\"wpforms-form-1014\" class=\"wpforms-validate wpforms-form wpforms-ajax-form\" data-formid=\"1014\" method=\"post\" enctype=\"multipart\/form-data\" action=\"\/en\/wp-json\/wp\/v2\/pages\/1249\" data-token=\"213e56de2772f10468c0d1ad2c87c0bf\" data-token-time=\"1776702462\"><noscript class=\"wpforms-error-noscript\">Please enable JavaScript in your browser to complete this form.<\/noscript><div id=\"wpforms-error-noscript\" style=\"display: none;\">Please enable JavaScript in your browser to complete this form.<\/div><div class=\"wpforms-field-container\"><div id=\"wpforms-1014-field_23-container\" class=\"wpforms-field wpforms-field-payment-multiple\" data-field-id=\"23\"><fieldset><legend class=\"wpforms-field-label\">Ist das Gehirn wichtig f\u00fcr unsere Gesundheit? <span class=\"wpforms-required-label\" aria-hidden=\"true\">*<\/span><\/legend><ul id=\"wpforms-1014-field_23\" class=\"wpforms-field-required\"><li class=\"choice-1\"><input type=\"radio\" id=\"wpforms-1014-field_23_1\" class=\"wpforms-payment-price\" data-amount=\"1.00\" name=\"wpforms[fields][23]\" value=\"1\" aria-errormessage=\"wpforms-1014-field_23_1-error\" required ><label class=\"wpforms-field-label-inline\" for=\"wpforms-1014-field_23_1\">Ja, unser Gehirn ist der Schl\u00fcssel zur geistigen und k\u00f6rperlichen Gesundheit. Denn das Gehirn orchestriert unsere K\u00f6rperfunktionen, es ist die Denk- und Gef\u00fchlszentrale unseres K\u00f6rpers und durch das Gehirn treffen wir Entscheidungen.<\/label><\/li><li class=\"choice-2\"><input type=\"radio\" id=\"wpforms-1014-field_23_2\" class=\"wpforms-payment-price\" data-amount=\"0.00\" name=\"wpforms[fields][23]\" value=\"2\" aria-errormessage=\"wpforms-1014-field_23_2-error\" required ><label class=\"wpforms-field-label-inline\" for=\"wpforms-1014-field_23_2\">Nein, das Gehirn ist ein Organ, das wir f\u00fcr unsere Gesundheit nicht weiter betrachten m\u00fcssen.<\/label><\/li><\/ul><\/fieldset><\/div><div id=\"wpforms-1014-field_29-container\" class=\"wpforms-field wpforms-field-payment-multiple\" data-field-id=\"29\"><fieldset><legend class=\"wpforms-field-label\">Was ist ein smarter Gehirnbenutzer? <span class=\"wpforms-required-label\" aria-hidden=\"true\">*<\/span><\/legend><ul id=\"wpforms-1014-field_29\" class=\"wpforms-field-required\"><li class=\"choice-1\"><input type=\"radio\" id=\"wpforms-1014-field_29_1\" class=\"wpforms-payment-price\" data-amount=\"0.00\" name=\"wpforms[fields][29]\" value=\"1\" aria-errormessage=\"wpforms-1014-field_29_1-error\" required ><label class=\"wpforms-field-label-inline\" for=\"wpforms-1014-field_29_1\">Ein smarter Gehirnbenutzer kennt alle Details des menschlichen Gehirns.<\/label><\/li><li class=\"choice-2\"><input type=\"radio\" id=\"wpforms-1014-field_29_2\" class=\"wpforms-payment-price\" data-amount=\"1.00\" name=\"wpforms[fields][29]\" value=\"2\" aria-errormessage=\"wpforms-1014-field_29_2-error\" required ><label class=\"wpforms-field-label-inline\" for=\"wpforms-1014-field_29_2\">Ein smarter Gehirnbenutzer ist jemand, der wei\u00df, wie er sein Gehirn bestm\u00f6glich bedient und pflegt.<\/label><\/li><\/ul><\/fieldset><\/div><div id=\"wpforms-1014-field_32-container\" class=\"wpforms-field wpforms-field-payment-checkbox\" data-field-id=\"32\"><fieldset><legend class=\"wpforms-field-label\">Ein gehirngerechter Lebensstil hilft uns dabei.. <span class=\"wpforms-required-label\" aria-hidden=\"true\">*<\/span><\/legend><ul id=\"wpforms-1014-field_32\" class=\"wpforms-field-required\"><li class=\"choice-3\"><input type=\"checkbox\" id=\"wpforms-1014-field_32_3\" class=\"wpforms-payment-price\" data-amount=\"1.00\" name=\"wpforms[fields][32][]\" value=\"3\" aria-errormessage=\"wpforms-1014-field_32_3-error\" required ><label class=\"wpforms-field-label-inline\" for=\"wpforms-1014-field_32_3\">..unser Wohlbefinden und unsere Gesundheit zu verbessern<\/label><\/li><li class=\"choice-2\"><input type=\"checkbox\" id=\"wpforms-1014-field_32_2\" class=\"wpforms-payment-price\" data-amount=\"1.00\" name=\"wpforms[fields][32][]\" value=\"2\" aria-errormessage=\"wpforms-1014-field_32_2-error\" required ><label class=\"wpforms-field-label-inline\" for=\"wpforms-1014-field_32_2\">..nachhaltige Ver\u00e4nderungen anzusto\u00dfen<\/label><\/li><li class=\"choice-1\"><input type=\"checkbox\" id=\"wpforms-1014-field_32_1\" class=\"wpforms-payment-price\" data-amount=\"1.00\" name=\"wpforms[fields][32][]\" value=\"1\" aria-errormessage=\"wpforms-1014-field_32_1-error\" required ><label class=\"wpforms-field-label-inline\" for=\"wpforms-1014-field_32_1\">..unsere Produktivit\u00e4t zu steigern<\/label><\/li><li class=\"choice-4\"><input type=\"checkbox\" id=\"wpforms-1014-field_32_4\" class=\"wpforms-payment-price\" data-amount=\"1.00\" name=\"wpforms[fields][32][]\" value=\"4\" aria-errormessage=\"wpforms-1014-field_32_4-error\" required ><label class=\"wpforms-field-label-inline\" for=\"wpforms-1014-field_32_4\">..gro\u00dfe Ziele durch kleine Schritte zu erreichen<\/label><\/li><\/ul><\/fieldset><\/div><div id=\"wpforms-1014-field_33-container\" class=\"wpforms-field wpforms-field-name\" data-field-id=\"33\"><label class=\"wpforms-field-label\" for=\"wpforms-1014-field_33\">Name <span class=\"wpforms-required-label\" aria-hidden=\"true\">*<\/span><\/label><input type=\"text\" id=\"wpforms-1014-field_33\" class=\"wpforms-field-medium wpforms-field-required\" name=\"wpforms[fields][33]\" aria-errormessage=\"wpforms-1014-field_33-error\" required><\/div><div id=\"wpforms-1014-field_34-container\" class=\"wpforms-field wpforms-field-email\" data-field-id=\"34\"><label class=\"wpforms-field-label\" for=\"wpforms-1014-field_34\">E-Mail-Adresse <span class=\"wpforms-required-label\" aria-hidden=\"true\">*<\/span><\/label><input type=\"email\" id=\"wpforms-1014-field_34\" class=\"wpforms-field-medium wpforms-field-required\" name=\"wpforms[fields][34]\" spellcheck=\"false\" aria-errormessage=\"wpforms-1014-field_34-error\" required><\/div><div id=\"wpforms-1014-field_37-container\" class=\"wpforms-field wpforms-field-checkbox\" data-field-id=\"37\"><fieldset><legend class=\"wpforms-field-label wpforms-label-hide\" aria-hidden=\"false\">Einwillilgung <span class=\"wpforms-required-label\" aria-hidden=\"true\">*<\/span><\/legend><ul id=\"wpforms-1014-field_37\" class=\"wpforms-field-required\"><li class=\"choice-1 depth-1\"><input type=\"checkbox\" id=\"wpforms-1014-field_37_1\" name=\"wpforms[fields][37][]\" value=\"Bitte klicke hier, um unserer E-Mail-Liste beizutreten.\" aria-errormessage=\"wpforms-1014-field_37_1-error\" required ><label class=\"wpforms-field-label-inline\" for=\"wpforms-1014-field_37_1\">Bitte klicke hier, um unserer E-Mail-Liste beizutreten.<\/label><\/li><\/ul><\/fieldset><\/div><\/div><!-- .wpforms-field-container --><div class=\"wpforms-submit-container\" ><input type=\"hidden\" name=\"wpforms[id]\" value=\"1014\"><input type=\"hidden\" name=\"page_title\" value=\"\"><input type=\"hidden\" name=\"page_url\" value=\"https:\/\/mariaseltmann.com\/en\/wp-json\/wp\/v2\/pages\/1249\"><input type=\"hidden\" name=\"url_referer\" value=\"\"><button type=\"submit\" name=\"wpforms[submit]\" id=\"wpforms-submit-1014\" class=\"wpforms-submit wpcode id1040\" data-alt-text=\"Wird gesendet\u00a0\u2026\" data-submit-text=\"Absenden\" aria-live=\"assertive\" value=\"wpforms-submit\">Absenden<\/button><img loading=\"lazy\" decoding=\"async\" src=\"https:\/\/mariaseltmann.com\/wp-content\/plugins\/wpforms-lite\/assets\/images\/submit-spin.svg\" class=\"wpforms-submit-spinner\" style=\"display: none;\" width=\"26\" height=\"26\" alt=\"Loading\"><\/div><\/form><\/div>  <!-- .wpforms-container --><\/div>\n<\/div>\n","protected":false},"excerpt":{"rendered":"<p>Booklet: &#8222;Brainfood&#8220; &#8211; 10 Dinge, die Dein Gehirn liebt Quiz f\u00fcr smarte Gehirnbenutzer M\u00f6glichkeit zum Gewinn eines Workbooks: \u201cBrainfriendly Basics\u201d Los geht\u2019s, beantworte die Fragen \ud83d\udc47<\/p>","protected":false},"author":2,"featured_media":0,"parent":0,"menu_order":0,"comment_status":"closed","ping_status":"closed","template":"","meta":{"footnotes":""},"class_list":["post-1249","page","type-page","status-publish","hentry"],"_links":{"self":[{"href":"https:\/\/mariaseltmann.com\/en\/wp-json\/wp\/v2\/pages\/1249","targetHints":{"allow":["GET"]}}],"collection":[{"href":"https:\/\/mariaseltmann.com\/en\/wp-json\/wp\/v2\/pages"}],"about":[{"href":"https:\/\/mariaseltmann.com\/en\/wp-json\/wp\/v2\/types\/page"}],"author":[{"embeddable":true,"href":"https:\/\/mariaseltmann.com\/en\/wp-json\/wp\/v2\/users\/2"}],"replies":[{"embeddable":true,"href":"https:\/\/mariaseltmann.com\/en\/wp-json\/wp\/v2\/comments?post=1249"}],"version-history":[{"count":13,"href":"https:\/\/mariaseltmann.com\/en\/wp-json\/wp\/v2\/pages\/1249\/revisions"}],"predecessor-version":[{"id":2698,"href":"https:\/\/mariaseltmann.com\/en\/wp-json\/wp\/v2\/pages\/1249\/revisions\/2698"}],"wp:attachment":[{"href":"https:\/\/mariaseltmann.com\/en\/wp-json\/wp\/v2\/media?parent=1249"}],"curies":[{"name":"wp","href":"https:\/\/api.w.org\/{rel}","templated":true}]}}